{"id":139,"date":"2025-01-08T14:14:58","date_gmt":"2025-01-08T17:14:58","guid":{"rendered":"https:\/\/verenenergia.com\/?page_id=139"},"modified":"2026-04-02T17:34:21","modified_gmt":"2026-04-02T20:34:21","slug":"socioambiental","status":"publish","type":"page","link":"https:\/\/verenenergia.com\/en\/socioambiental\/","title":{"rendered":"Socio-environmental"},"content":{"rendered":"<div data-elementor-type=\"wp-page\" data-elementor-id=\"139\" class=\"elementor elementor-139\" data-elementor-post-type=\"page\">\n\t\t\t\t<div class=\"elementor-element elementor-element-d3e7d53 e-flex e-con-boxed e-con e-parent\" data-id=\"d3e7d53\" data-element_type=\"container\" data-settings=\"{&quot;background_background&quot;:&quot;classic&quot;}\">\n\t\t\t\t\t<div class=\"e-con-inner\">\n\t\t\t\t<div class=\"elementor-element elementor-element-c175332 elementor-widget__width-initial elementor-widget elementor-widget-heading\" data-id=\"c175332\" data-element_type=\"widget\" data-widget_type=\"heading.default\">\n\t\t\t\t\t<h2 class=\"elementor-heading-title elementor-size-default\">Our pillars are<br>\nsustainability<br>\nand continuous improvement<br>\nof our processes.<br><\/h2>\t\t\t\t<\/div>\n\t\t\t\t\t<\/div>\n\t\t\t\t<\/div>\n\t\t<div class=\"elementor-element elementor-element-0c6bd7d e-flex e-con-boxed e-con e-parent\" data-id=\"0c6bd7d\" data-element_type=\"container\" data-settings=\"{&quot;background_background&quot;:&quot;classic&quot;}\">\n\t\t\t\t\t<div class=\"e-con-inner\">\n\t\t<div class=\"elementor-element elementor-element-b7a62de e-con-full e-flex e-con e-child\" data-id=\"b7a62de\" data-element_type=\"container\">\n\t\t\t\t<div class=\"elementor-element elementor-element-a45275b elementor-widget__width-initial elementor-widget elementor-widget-heading\" data-id=\"a45275b\" data-element_type=\"widget\" data-widget_type=\"heading.default\">\n\t\t\t\t\t<h2 class=\"elementor-heading-title elementor-size-default\">Verene takes care<br>\nstrictly from<br>\nenvironmental management<br>\nof your assets<\/h2>\t\t\t\t<\/div>\n\t\t<div class=\"elementor-element elementor-element-419f7ea e-con-full e-flex e-con e-child\" data-id=\"419f7ea\" data-element_type=\"container\">\n\t\t<div class=\"elementor-element elementor-element-fbd8027 e-con-full e-flex e-con e-child\" data-id=\"fbd8027\" data-element_type=\"container\" id=\"relatorios\">\n\t\t\t\t<div class=\"elementor-element elementor-element-daace94 elementor-widget__width-initial elementor-widget-mobile__width-inherit elementor-widget elementor-widget-text-editor\" data-id=\"daace94\" data-element_type=\"widget\" data-widget_type=\"text-editor.default\">\n\t\t\t\t\t\t\t\t\t<p>We manage the environmental conditions of our Licenses, striving for excellence in service, with Environmental Consultants specialized in the execution of the various Environmental Programs.<\/p><p>We also work with the community surrounding the projects, valuing local culture, traditional peoples, conservation units and environmental education.<\/p>\t\t\t\t\t\t\t\t<\/div>\n\t\t\t\t<div class=\"elementor-element elementor-element-56d602e elementor-widget elementor-widget-button\" data-id=\"56d602e\" data-element_type=\"widget\" data-widget_type=\"button.default\">\n\t\t\t\t\t\t\t\t\t\t<a class=\"elementor-button elementor-button-link elementor-size-sm\" href=\"#\">\n\t\t\t\t\t\t<span class=\"elementor-button-content-wrapper\">\n\t\t\t\t\t\t\t\t\t<span class=\"elementor-button-text\">Click here<\/span>\n\t\t\t\t\t<\/span>\n\t\t\t\t\t<\/a>\n\t\t\t\t\t\t\t\t<\/div>\n\t\t\t\t<\/div>\n\t\t\t\t<\/div>\n\t\t<div class=\"elementor-element elementor-element-c6c5a5f e-con-full e-flex e-con e-child\" data-id=\"c6c5a5f\" data-element_type=\"container\">\n\t\t<div class=\"elementor-element elementor-element-47fc1af e-con-full e-flex e-con e-child\" data-id=\"47fc1af\" data-element_type=\"container\">\n\t\t\t\t<div class=\"elementor-element elementor-element-3648fd1 elementor-widget__width-initial elementor-widget elementor-widget-heading\" data-id=\"3648fd1\" data-element_type=\"widget\" data-widget_type=\"heading.default\">\n\t\t\t\t\t<h2 class=\"elementor-heading-title elementor-size-default\">Reports<\/h2>\t\t\t\t<\/div>\n\t\t\t\t<div class=\"elementor-element elementor-element-cafa557 elementor-widget-divider--view-line elementor-widget elementor-widget-divider\" data-id=\"cafa557\" data-element_type=\"widget\" data-widget_type=\"divider.default\">\n\t\t\t\t\t\t\t<div class=\"elementor-divider\">\n\t\t\t<span class=\"elementor-divider-separator\">\n\t\t\t\t\t\t<\/span>\n\t\t<\/div>\n\t\t\t\t\t\t<\/div>\n\t\t\t\t<\/div>\n\t\t\t\t<div class=\"elementor-element elementor-element-ad24a05 elementor-widget__width-initial elementor-widget-mobile__width-inherit elementor-widget elementor-widget-text-editor\" data-id=\"ad24a05\" data-element_type=\"widget\" data-widget_type=\"text-editor.default\">\n\t\t\t\t\t\t\t\t\t<p>Verene seeks sustainable practices and processes in its day-to-day operations, aiming to achieve sustainable operational excellence.<\/p>\t\t\t\t\t\t\t\t<\/div>\n\t\t\t\t<\/div>\n\t\t<div class=\"elementor-element elementor-element-d89cdfc e-con-full e-flex e-con e-child\" data-id=\"d89cdfc\" data-element_type=\"container\">\n\t\t<div class=\"elementor-element elementor-element-e65910e e-con-full e-flex e-con e-child\" data-id=\"e65910e\" data-element_type=\"container\">\n\t\t\t\t<div class=\"elementor-element elementor-element-469f339 elementor-widget elementor-widget-heading\" data-id=\"469f339\" data-element_type=\"widget\" data-widget_type=\"heading.default\">\n\t\t\t\t\t<h2 class=\"elementor-heading-title elementor-size-default\">2024<\/h2>\t\t\t\t<\/div>\n\t\t\t\t<\/div>\n\t\t<div class=\"elementor-element elementor-element-449126f e-con-full e-flex e-con e-child\" data-id=\"449126f\" data-element_type=\"container\">\n\t\t\t\t<div class=\"elementor-element elementor-element-992a1f1 elementor-widget elementor-widget-image\" data-id=\"992a1f1\" data-element_type=\"widget\" data-widget_type=\"image.default\">\n\t\t\t\t\t\t\t\t\t\t\t\t\t\t\t\t<a href=\"https:\/\/verenenergia.com\/wp-content\/uploads\/2026\/04\/Verene_RS2024_EN_D1.pdf\" target=\"_blank\" rel=\"nofollow\">\n\t\t\t\t\t\t\t<img fetchpriority=\"high\" decoding=\"async\" width=\"1000\" height=\"575\" src=\"https:\/\/verenenergia.com\/wp-content\/uploads\/2025\/09\/Captura-de-tela-2025-09-13-005112.png\" class=\"attachment-full size-full wp-image-2499\" alt=\"\" srcset=\"\" sizes=\"(max-width: 1000px) 100vw, 1000px\" data-srcset=\"\" \/>\t\t\t\t\t\t\t\t<\/a>\n\t\t\t\t\t\t\t\t\t\t\t\t\t\t\t<\/div>\n\t\t\t\t<\/div>\n\t\t\t\t<\/div>\n\t\t<div class=\"elementor-element elementor-element-f3fe62a e-con-full e-flex e-con e-child\" data-id=\"f3fe62a\" data-element_type=\"container\">\n\t\t<div class=\"elementor-element elementor-element-9f8e1ef e-con-full e-flex e-con e-child\" data-id=\"9f8e1ef\" data-element_type=\"container\">\n\t\t\t\t<div class=\"elementor-element elementor-element-85be19d elementor-widget elementor-widget-heading\" data-id=\"85be19d\" data-element_type=\"widget\" data-widget_type=\"heading.default\">\n\t\t\t\t\t<h2 class=\"elementor-heading-title elementor-size-default\">2023<\/h2>\t\t\t\t<\/div>\n\t\t\t\t<\/div>\n\t\t<div class=\"elementor-element elementor-element-873e113 e-con-full e-flex e-con e-child\" data-id=\"873e113\" data-element_type=\"container\">\n\t\t\t\t<div class=\"elementor-element elementor-element-87aea10 elementor-widget elementor-widget-image\" data-id=\"87aea10\" data-element_type=\"widget\" data-widget_type=\"image.default\">\n\t\t\t\t\t\t\t\t\t\t\t\t\t\t\t\t<a href=\"https:\/\/verenenergia.com\/wp-content\/uploads\/2026\/04\/001-Relatorio-Socioambiental-2023-INGLES-V3.pdf\" target=\"_blank\" rel=\"nofollow\">\n\t\t\t\t\t\t\t<img decoding=\"async\" width=\"1744\" height=\"1132\" src=\"https:\/\/verenenergia.com\/wp-content\/uploads\/2025\/09\/Captura-de-tela-2025-09-13-005212.png\" class=\"attachment-full size-full wp-image-161\" alt=\"\" srcset=\"\" sizes=\"(max-width: 1744px) 100vw, 1744px\" data-srcset=\"\" \/>\t\t\t\t\t\t\t\t<\/a>\n\t\t\t\t\t\t\t\t\t\t\t\t\t\t\t<\/div>\n\t\t\t\t<\/div>\n\t\t\t\t<\/div>\n\t\t\t\t<\/div>\n\t\t\t\t\t<\/div>\n\t\t\t\t<\/div>\n\t\t<div class=\"elementor-element elementor-element-719aefc e-flex e-con-boxed e-con e-parent\" data-id=\"719aefc\" data-element_type=\"container\" data-settings=\"{&quot;background_background&quot;:&quot;classic&quot;,&quot;position&quot;:&quot;fixed&quot;}\">\n\t\t\t\t\t<div class=\"e-con-inner\">\n\t\t\t\t<div class=\"elementor-element elementor-element-69d462d elementor-widget elementor-widget-heading\" data-id=\"69d462d\" data-element_type=\"widget\" data-widget_type=\"heading.default\">\n\t\t\t\t\t<h2 class=\"elementor-heading-title elementor-size-default\">ABOUT US<\/h2>\t\t\t\t<\/div>\n\t\t\t\t<div class=\"elementor-element elementor-element-821ea33 elementor-widget elementor-widget-heading\" data-id=\"821ea33\" data-element_type=\"widget\" data-widget_type=\"heading.default\">\n\t\t\t\t\t<h2 class=\"elementor-heading-title elementor-size-default\"><a href=\"#relatorios\">Reports<\/a><\/h2>\t\t\t\t<\/div>\n\t\t\t\t\t<\/div>\n\t\t\t\t<\/div>\n\t\t\t\t<\/div>","protected":false},"excerpt":{"rendered":"<p>Nossos pilares s\u00e3o a sustentabilidade e a melhoria cont\u00ednua dos nossos processos. A Verene cuida rigorosamente da gest\u00e3o ambiental dos seus ativos Fazemos a gest\u00e3o das condicionantes ambientais das nossas Licen\u00e7as, prezando pela excel\u00eancia no atendimento, contando com Consultorias Ambientais especializadas na execu\u00e7\u00e3o dos diversos Programas Ambientais. Tamb\u00e9m atuamos junto \u00e0 comunidade vizinha aos projetos, [&hellip;]<\/p>","protected":false},"author":1,"featured_media":0,"parent":0,"menu_order":0,"comment_status":"closed","ping_status":"closed","template":"elementor_header_footer","meta":{"footnotes":""},"class_list":["post-139","page","type-page","status-publish","hentry"],"_links":{"self":[{"href":"https:\/\/verenenergia.com\/en\/wp-json\/wp\/v2\/pages\/139","targetHints":{"allow":["GET"]}}],"collection":[{"href":"https:\/\/verenenergia.com\/en\/wp-json\/wp\/v2\/pages"}],"about":[{"href":"https:\/\/verenenergia.com\/en\/wp-json\/wp\/v2\/types\/page"}],"author":[{"embeddable":true,"href":"https:\/\/verenenergia.com\/en\/wp-json\/wp\/v2\/users\/1"}],"replies":[{"embeddable":true,"href":"https:\/\/verenenergia.com\/en\/wp-json\/wp\/v2\/comments?post=139"}],"version-history":[{"count":112,"href":"https:\/\/verenenergia.com\/en\/wp-json\/wp\/v2\/pages\/139\/revisions"}],"predecessor-version":[{"id":4116,"href":"https:\/\/verenenergia.com\/en\/wp-json\/wp\/v2\/pages\/139\/revisions\/4116"}],"wp:attachment":[{"href":"https:\/\/verenenergia.com\/en\/wp-json\/wp\/v2\/media?parent=139"}],"curies":[{"name":"wp","href":"https:\/\/api.w.org\/{rel}","templated":true}]}}