{"id":244,"date":"2025-01-10T14:57:19","date_gmt":"2025-01-10T17:57:19","guid":{"rendered":"https:\/\/verenenergia.com\/?page_id=244"},"modified":"2026-01-28T17:03:59","modified_gmt":"2026-01-28T20:03:59","slug":"setor-eletrico","status":"publish","type":"page","link":"https:\/\/verenenergia.com\/en\/setor-eletrico\/","title":{"rendered":"Electricity sector"},"content":{"rendered":"<div data-elementor-type=\"wp-page\" data-elementor-id=\"244\" class=\"elementor elementor-244\" data-elementor-post-type=\"page\">\n\t\t\t\t<div class=\"elementor-element elementor-element-07f8148 e-flex e-con-boxed e-con e-parent\" data-id=\"07f8148\" data-element_type=\"container\" data-settings=\"{&quot;background_background&quot;:&quot;classic&quot;}\">\n\t\t\t\t\t<div class=\"e-con-inner\">\n\t\t\t\t<div class=\"elementor-element elementor-element-60c2652 elementor-widget__width-initial elementor-widget elementor-widget-heading\" data-id=\"60c2652\" data-element_type=\"widget\" data-widget_type=\"heading.default\">\n\t\t\t\t\t<h2 class=\"elementor-heading-title elementor-size-default\">Various<br>\nsources, one<br>\nonly energy<br><\/h2>\t\t\t\t<\/div>\n\t\t\t\t\t<\/div>\n\t\t\t\t<\/div>\n\t\t<div class=\"elementor-element elementor-element-8ce200f e-flex e-con-boxed e-con e-parent\" data-id=\"8ce200f\" data-element_type=\"container\" id=\"brasil\">\n\t\t\t\t\t<div class=\"e-con-inner\">\n\t\t<div class=\"elementor-element elementor-element-ca136cb e-con-full e-flex e-con e-child\" data-id=\"ca136cb\" data-element_type=\"container\">\n\t\t<div class=\"elementor-element elementor-element-c6aaecc e-con-full e-flex e-con e-child\" data-id=\"c6aaecc\" data-element_type=\"container\">\n\t\t\t\t<div class=\"elementor-element elementor-element-64981f1 elementor-widget__width-initial elementor-widget elementor-widget-heading\" data-id=\"64981f1\" data-element_type=\"widget\" data-widget_type=\"heading.default\">\n\t\t\t\t\t<h2 class=\"elementor-heading-title elementor-size-default\">Brazil,<br>\npower in<br>\nclean energy<br>\nand renewable<\/h2>\t\t\t\t<\/div>\n\t\t\t\t<div class=\"elementor-element elementor-element-daeb28f elementor-widget__width-initial elementor-widget-mobile__width-inherit elementor-widget elementor-widget-text-editor\" data-id=\"daeb28f\" data-element_type=\"widget\" data-widget_type=\"text-editor.default\">\n\t\t\t\t\t\t\t\t\t<p>Electrical energy in Brazil comes from a large-scale hydro-thermal-wind system and is produced mainly by hydroelectric plants installed in the country&#039;s various river basins.<\/p><p>The installation of wind and thermal power plants has been growing in recent years, contributing strategically and significantly to the sector&#039;s security, as they allow for the storage of water in the reservoirs of hydroelectric plants.<\/p><p>Brazil&#039;s tropical climate and the amount of sunlight are very favorable for generating solar energy, which has strong potential and could even surpass hydroelectric power.<\/p>\t\t\t\t\t\t\t\t<\/div>\n\t\t\t\t<\/div>\n\t\t\t\t<\/div>\n\t\t\t\t\t<\/div>\n\t\t\t\t<\/div>\n\t\t<div class=\"elementor-element elementor-element-bdb757f e-con-full e-flex e-con e-parent\" data-id=\"bdb757f\" data-element_type=\"container\" id=\"rota-energia\">\n\t\t\t\t<div class=\"elementor-element elementor-element-4de95a1 elementor-widget elementor-widget-image\" data-id=\"4de95a1\" data-element_type=\"widget\" data-widget_type=\"image.default\">\n\t\t\t\t\t\t\t\t\t\t\t\t\t\t\t<img fetchpriority=\"high\" decoding=\"async\" width=\"1532\" height=\"3590\" src=\"https:\/\/verenenergia.com\/wp-content\/uploads\/2025\/01\/Captura-de-tela_21-1-2025_24117_verenenergia.com_.png\" class=\"attachment-full size-full wp-image-1154\" alt=\"\" srcset=\"https:\/\/verenenergia.com\/wp-content\/uploads\/2025\/01\/Captura-de-tela_21-1-2025_24117_verenenergia.com_.png 1532w, https:\/\/verenenergia.com\/wp-content\/uploads\/2025\/01\/Captura-de-tela_21-1-2025_24117_verenenergia.com_-128x300.png 128w, https:\/\/verenenergia.com\/wp-content\/uploads\/2025\/01\/Captura-de-tela_21-1-2025_24117_verenenergia.com_-437x1024.png 437w, https:\/\/verenenergia.com\/wp-content\/uploads\/2025\/01\/Captura-de-tela_21-1-2025_24117_verenenergia.com_-768x1800.png 768w, https:\/\/verenenergia.com\/wp-content\/uploads\/2025\/01\/Captura-de-tela_21-1-2025_24117_verenenergia.com_-655x1536.png 655w, https:\/\/verenenergia.com\/wp-content\/uploads\/2025\/01\/Captura-de-tela_21-1-2025_24117_verenenergia.com_-874x2048.png 874w\" sizes=\"(max-width: 1532px) 100vw, 1532px\" \/>\t\t\t\t\t\t\t\t\t\t\t\t\t\t\t<\/div>\n\t\t\t\t<\/div>\n\t\t<div class=\"elementor-element elementor-element-4d1fdeb elementor-hidden-desktop elementor-hidden-tablet elementor-hidden-mobile e-flex e-con-boxed e-con e-parent\" data-id=\"4d1fdeb\" data-element_type=\"container\" data-settings=\"{&quot;background_background&quot;:&quot;gradient&quot;}\">\n\t\t\t\t\t<div class=\"e-con-inner\">\n\t\t<div class=\"elementor-element elementor-element-789e458 e-con-full e-flex e-con e-child\" data-id=\"789e458\" data-element_type=\"container\" data-settings=\"{&quot;background_background&quot;:&quot;classic&quot;}\">\n\t\t\t\t<\/div>\n\t\t<div class=\"elementor-element elementor-element-be944d1 e-con-full e-flex e-con e-child\" data-id=\"be944d1\" data-element_type=\"container\">\n\t\t<div class=\"elementor-element elementor-element-a48286b e-con-full e-flex e-con e-child\" data-id=\"a48286b\" data-element_type=\"container\">\n\t\t\t\t<div class=\"elementor-element elementor-element-cd2f67f elementor-widget elementor-widget-heading\" data-id=\"cd2f67f\" data-element_type=\"widget\" data-widget_type=\"heading.default\">\n\t\t\t\t\t<h2 class=\"elementor-heading-title elementor-size-default\">01<\/h2>\t\t\t\t<\/div>\n\t\t\t\t<div class=\"elementor-element elementor-element-de91587 elementor-widget__width-initial elementor-widget elementor-widget-image\" data-id=\"de91587\" data-element_type=\"widget\" data-widget_type=\"image.default\">\n\t\t\t\t\t\t\t\t\t\t\t\t\t\t\t<img decoding=\"async\" width=\"75\" height=\"100\" src=\"https:\/\/verenenergia.com\/wp-content\/uploads\/2025\/01\/subtitle-shape-_1_.png\" class=\"attachment-large size-large wp-image-402\" alt=\"\" \/>\t\t\t\t\t\t\t\t\t\t\t\t\t\t\t<\/div>\n\t\t\t\t<div class=\"elementor-element elementor-element-310cc8a elementor-widget elementor-widget-heading\" data-id=\"310cc8a\" data-element_type=\"widget\" data-widget_type=\"heading.default\">\n\t\t\t\t\t<h2 class=\"elementor-heading-title elementor-size-default\">GENERATION<\/h2>\t\t\t\t<\/div>\n\t\t\t\t<\/div>\n\t\t\t\t<div class=\"elementor-element elementor-element-e7d8567 elementor-widget elementor-widget-text-editor\" data-id=\"e7d8567\" data-element_type=\"widget\" data-widget_type=\"text-editor.default\">\n\t\t\t\t\t\t\t\t\t<p>Electricity production takes place in power plants, where energy is generated from various sources. For example, the force of water or wind, or solar rays.<br \/>and fossil fuels, such as natural gas and coal.<\/p><p>In Brazil, most of the electricity comes from clean and renewable sources, which contributes to the preservation of the environment and a sustainable future.<\/p>\t\t\t\t\t\t\t\t<\/div>\n\t\t\t\t<\/div>\n\t\t\t\t\t<\/div>\n\t\t\t\t<\/div>\n\t\t<div class=\"elementor-element elementor-element-1d7ed52 elementor-hidden-desktop elementor-hidden-tablet elementor-hidden-mobile e-flex e-con-boxed e-con e-parent\" data-id=\"1d7ed52\" data-element_type=\"container\" data-settings=\"{&quot;background_background&quot;:&quot;classic&quot;}\">\n\t\t\t\t\t<div class=\"e-con-inner\">\n\t\t<div class=\"elementor-element elementor-element-466c22c e-con-full e-flex e-con e-child\" data-id=\"466c22c\" data-element_type=\"container\" data-settings=\"{&quot;background_background&quot;:&quot;classic&quot;}\">\n\t\t\t\t<\/div>\n\t\t<div class=\"elementor-element elementor-element-8fae24e e-con-full e-flex e-con e-child\" data-id=\"8fae24e\" data-element_type=\"container\">\n\t\t<div class=\"elementor-element elementor-element-e7e0865 e-con-full e-flex e-con e-child\" data-id=\"e7e0865\" data-element_type=\"container\">\n\t\t\t\t<div class=\"elementor-element elementor-element-cfc90b4 elementor-widget elementor-widget-heading\" data-id=\"cfc90b4\" data-element_type=\"widget\" data-widget_type=\"heading.default\">\n\t\t\t\t\t<h2 class=\"elementor-heading-title elementor-size-default\">02<\/h2>\t\t\t\t<\/div>\n\t\t\t\t<div class=\"elementor-element elementor-element-27e4cc1 elementor-widget__width-initial elementor-widget elementor-widget-image\" data-id=\"27e4cc1\" data-element_type=\"widget\" data-widget_type=\"image.default\">\n\t\t\t\t\t\t\t\t\t\t\t\t\t\t\t<img decoding=\"async\" width=\"75\" height=\"100\" src=\"https:\/\/verenenergia.com\/wp-content\/uploads\/2025\/01\/subtitle-shape-_1_.png\" class=\"attachment-large size-large wp-image-402\" alt=\"\" \/>\t\t\t\t\t\t\t\t\t\t\t\t\t\t\t<\/div>\n\t\t\t\t<div class=\"elementor-element elementor-element-191871e elementor-widget elementor-widget-heading\" data-id=\"191871e\" data-element_type=\"widget\" data-widget_type=\"heading.default\">\n\t\t\t\t\t<h2 class=\"elementor-heading-title elementor-size-default\">TRANSMISSION<\/h2>\t\t\t\t<\/div>\n\t\t\t\t<\/div>\n\t\t\t\t<div class=\"elementor-element elementor-element-1dff1a4 elementor-widget elementor-widget-text-editor\" data-id=\"1dff1a4\" data-element_type=\"widget\" data-widget_type=\"text-editor.default\">\n\t\t\t\t\t\t\t\t\t<p>After generation, electrical energy is sent to transmission substations, where transformers increase the voltage so that the electric current can travel long distances.<\/p>\t\t\t\t\t\t\t\t<\/div>\n\t\t\t\t<div class=\"elementor-element elementor-element-238e861 elementor-widget elementor-widget-text-editor\" data-id=\"238e861\" data-element_type=\"widget\" data-widget_type=\"text-editor.default\">\n\t\t\t\t\t\t\t\t\t<p>Transmission lines are responsible for transporting electricity, connecting power plants to consumer centers throughout the country.<\/p><p>For this reason, transmission towers are strategically positioned in diverse locations, from rural areas to large urban centers, and high-voltage cables cross rivers, forests, and roads.<\/p>\t\t\t\t\t\t\t\t<\/div>\n\t\t\t\t<\/div>\n\t\t\t\t\t<\/div>\n\t\t\t\t<\/div>\n\t\t<div class=\"elementor-element elementor-element-84dcd19 elementor-hidden-desktop elementor-hidden-tablet elementor-hidden-mobile e-flex e-con-boxed e-con e-parent\" data-id=\"84dcd19\" data-element_type=\"container\" data-settings=\"{&quot;background_background&quot;:&quot;classic&quot;}\">\n\t\t\t\t\t<div class=\"e-con-inner\">\n\t\t<div class=\"elementor-element elementor-element-9a54b2a e-con-full e-flex e-con e-child\" data-id=\"9a54b2a\" data-element_type=\"container\" data-settings=\"{&quot;background_background&quot;:&quot;classic&quot;}\">\n\t\t\t\t<\/div>\n\t\t<div class=\"elementor-element elementor-element-475deab e-con-full e-flex e-con e-child\" data-id=\"475deab\" data-element_type=\"container\">\n\t\t<div class=\"elementor-element elementor-element-723fe35 e-con-full e-flex e-con e-child\" data-id=\"723fe35\" data-element_type=\"container\">\n\t\t\t\t<div class=\"elementor-element elementor-element-35072c0 elementor-widget elementor-widget-heading\" data-id=\"35072c0\" data-element_type=\"widget\" data-widget_type=\"heading.default\">\n\t\t\t\t\t<h2 class=\"elementor-heading-title elementor-size-default\">03<\/h2>\t\t\t\t<\/div>\n\t\t\t\t<div class=\"elementor-element elementor-element-5f31903 elementor-widget__width-initial elementor-widget elementor-widget-image\" data-id=\"5f31903\" data-element_type=\"widget\" data-widget_type=\"image.default\">\n\t\t\t\t\t\t\t\t\t\t\t\t\t\t\t<img decoding=\"async\" width=\"75\" height=\"100\" src=\"https:\/\/verenenergia.com\/wp-content\/uploads\/2025\/01\/subtitle-shape-_1_.png\" class=\"attachment-large size-large wp-image-402\" alt=\"\" \/>\t\t\t\t\t\t\t\t\t\t\t\t\t\t\t<\/div>\n\t\t\t\t<div class=\"elementor-element elementor-element-a294379 elementor-widget elementor-widget-heading\" data-id=\"a294379\" data-element_type=\"widget\" data-widget_type=\"heading.default\">\n\t\t\t\t\t<h2 class=\"elementor-heading-title elementor-size-default\">DISTRIBUTION<\/h2>\t\t\t\t<\/div>\n\t\t\t\t<\/div>\n\t\t\t\t<div class=\"elementor-element elementor-element-63b1cb3 elementor-widget elementor-widget-text-editor\" data-id=\"63b1cb3\" data-element_type=\"widget\" data-widget_type=\"text-editor.default\">\n\t\t\t\t\t\t\t\t\t<p>Finally, the energy passes through distribution substations, which are responsible for reducing the voltage again. This step ensures that the energy is conducted safely and thus supplied to consumers.<\/p>\t\t\t\t\t\t\t\t<\/div>\n\t\t\t\t<\/div>\n\t\t\t\t\t<\/div>\n\t\t\t\t<\/div>\n\t\t<div class=\"elementor-element elementor-element-3ff3a9d e-flex e-con-boxed e-con e-parent\" data-id=\"3ff3a9d\" data-element_type=\"container\" data-settings=\"{&quot;background_background&quot;:&quot;classic&quot;}\">\n\t\t\t\t\t<div class=\"e-con-inner\">\n\t\t<div class=\"elementor-element elementor-element-026a8ac e-con-full e-flex e-con e-child\" data-id=\"026a8ac\" data-element_type=\"container\">\n\t\t\t\t<div class=\"elementor-element elementor-element-e1e2e56 elementor-widget elementor-widget-image\" data-id=\"e1e2e56\" data-element_type=\"widget\" data-widget_type=\"image.default\">\n\t\t\t\t\t\t\t\t\t\t\t\t\t\t\t<img decoding=\"async\" width=\"1042\" height=\"1280\" src=\"https:\/\/verenenergia.com\/wp-content\/uploads\/2025\/01\/setor-eletrico-1-img.jpg\" class=\"attachment-full size-full wp-image-380\" alt=\"\" srcset=\"https:\/\/verenenergia.com\/wp-content\/uploads\/2025\/01\/setor-eletrico-1-img.jpg 1042w, https:\/\/verenenergia.com\/wp-content\/uploads\/2025\/01\/setor-eletrico-1-img-244x300.jpg 244w, https:\/\/verenenergia.com\/wp-content\/uploads\/2025\/01\/setor-eletrico-1-img-834x1024.jpg 834w, https:\/\/verenenergia.com\/wp-content\/uploads\/2025\/01\/setor-eletrico-1-img-768x943.jpg 768w\" sizes=\"(max-width: 1042px) 100vw, 1042px\" \/>\t\t\t\t\t\t\t\t\t\t\t\t\t\t\t<\/div>\n\t\t\t\t<\/div>\n\t\t<div class=\"elementor-element elementor-element-5ecb80c e-con-full e-flex e-con e-child\" data-id=\"5ecb80c\" data-element_type=\"container\">\n\t\t\t\t<div class=\"elementor-element elementor-element-6ec9a32 e-n-tabs-mobile elementor-widget elementor-widget-n-tabs\" data-id=\"6ec9a32\" data-element_type=\"widget\" data-settings=\"{&quot;horizontal_scroll&quot;:&quot;disable&quot;}\" data-widget_type=\"nested-tabs.default\">\n\t\t\t\t\t\t\t<div class=\"e-n-tabs\" data-widget-number=\"116169266\" aria-label=\"Tabs. Open items with Enter or Space, close with Escape and navigate using the Arrow keys.\">\n\t\t\t<div class=\"e-n-tabs-heading\" role=\"tablist\">\n\t\t\t\t\t<button id=\"sin\" class=\"e-n-tab-title\" aria-selected=\"true\" data-tab-index=\"1\" role=\"tab\" tabindex=\"0\" aria-controls=\"e-n-tab-content-1161692661\" style=\"--n-tabs-title-order: 1;\">\n\t\t\t\t\t\t<span class=\"e-n-tab-title-text\">\n\t\t\t\tSIN\t\t\t<\/span>\n\t\t<\/button>\n\t\t\t\t<button id=\"regulacao\" class=\"e-n-tab-title\" aria-selected=\"false\" data-tab-index=\"2\" role=\"tab\" tabindex=\"-1\" aria-controls=\"e-n-tab-content-1161692662\" style=\"--n-tabs-title-order: 2;\">\n\t\t\t\t\t\t<span class=\"e-n-tab-title-text\">\n\t\t\t\tREGULATION\t\t\t<\/span>\n\t\t<\/button>\n\t\t\t\t\t<\/div>\n\t\t\t<div class=\"e-n-tabs-content\">\n\t\t\t\t<div id=\"e-n-tab-content-1161692661\" role=\"tabpanel\" aria-labelledby=\"sin\" data-tab-index=\"1\" style=\"--n-tabs-title-order: 1;\" class=\"e-active elementor-element elementor-element-8342654 e-con-full e-flex e-con e-child\" data-id=\"8342654\" data-element_type=\"container\">\n\t\t\t\t<div class=\"elementor-element elementor-element-a4f8521 elementor-widget elementor-widget-text-editor\" data-id=\"a4f8521\" data-element_type=\"widget\" data-widget_type=\"text-editor.default\">\n\t\t\t\t\t\t\t\t\t<p>In Brazil, the National Interconnected System (SIN) is composed of 4 subsystems, which allow the integration of generation and transmission resources. These are: South, Southeast\/Central-West, Northeast, and North.<\/p><p>Electrical systems are connected through a transmission network, responsible for conducting and transferring the energy produced between their subsystems.<\/p><p>This operational synergy provides numerous advantages, such as greater safety, maximum utilization of diverse hydrological regimes, and integrated transmission of the various energy sources that supply the consumer market.<\/p>\t\t\t\t\t\t\t\t<\/div>\n\t\t\t\t<\/div>\n\t\t<div id=\"e-n-tab-content-1161692662\" role=\"tabpanel\" aria-labelledby=\"regulacao\" data-tab-index=\"2\" style=\"--n-tabs-title-order: 2;\" class=\"elementor-element elementor-element-16c94df e-con-full e-flex e-con e-child\" data-id=\"16c94df\" data-element_type=\"container\">\n\t\t\t\t<div class=\"elementor-element elementor-element-e212802 elementor-widget elementor-widget-text-editor\" data-id=\"e212802\" data-element_type=\"widget\" data-widget_type=\"text-editor.default\">\n\t\t\t\t\t\t\t\t\t<p>The management of power plants, transmission lines, substations, and electricity distribution networks is carried out by public and private companies that obtain concessions for these services through auctions. They are remunerated according to the rules of the National Electric Energy Agency (ANEEL), the regulatory body responsible for establishing standards and guidelines for the sector.<\/p>\t\t\t\t\t\t\t\t<\/div>\n\t\t\t\t<div class=\"elementor-element elementor-element-a28d8e6 elementor-widget elementor-widget-image\" data-id=\"a28d8e6\" data-element_type=\"widget\" data-widget_type=\"image.default\">\n\t\t\t\t\t\t\t\t\t\t\t\t\t\t\t<img loading=\"lazy\" decoding=\"async\" width=\"800\" height=\"480\" src=\"https:\/\/verenenergia.com\/wp-content\/uploads\/2025\/01\/section-5-eng-1-1024x615.png\" class=\"attachment-large size-large wp-image-381\" alt=\"\" srcset=\"https:\/\/verenenergia.com\/wp-content\/uploads\/2025\/01\/section-5-eng-1-1024x615.png 1024w, https:\/\/verenenergia.com\/wp-content\/uploads\/2025\/01\/section-5-eng-1-300x180.png 300w, https:\/\/verenenergia.com\/wp-content\/uploads\/2025\/01\/section-5-eng-1-768x461.png 768w, https:\/\/verenenergia.com\/wp-content\/uploads\/2025\/01\/section-5-eng-1-1536x922.png 1536w, https:\/\/verenenergia.com\/wp-content\/uploads\/2025\/01\/section-5-eng-1.png 1987w\" sizes=\"(max-width: 800px) 100vw, 800px\" \/>\t\t\t\t\t\t\t\t\t\t\t\t\t\t\t<\/div>\n\t\t\t\t<\/div>\n\t\t\t\t\t<\/div>\n\t\t<\/div>\n\t\t\t\t\t\t<\/div>\n\t\t\t\t<\/div>\n\t\t\t\t\t<\/div>\n\t\t\t\t<\/div>\n\t\t<div class=\"elementor-element elementor-element-cf7fa2f elementor-hidden-tablet elementor-hidden-mobile e-flex e-con-boxed e-con e-parent\" data-id=\"cf7fa2f\" data-element_type=\"container\" data-settings=\"{&quot;background_background&quot;:&quot;classic&quot;,&quot;position&quot;:&quot;fixed&quot;}\">\n\t\t\t\t\t<div class=\"e-con-inner\">\n\t\t\t\t<div class=\"elementor-element elementor-element-58d7ade elementor-widget elementor-widget-heading\" data-id=\"58d7ade\" data-element_type=\"widget\" data-widget_type=\"heading.default\">\n\t\t\t\t\t<h2 class=\"elementor-heading-title elementor-size-default\">ELECTRICAL SECTOR<\/h2>\t\t\t\t<\/div>\n\t\t\t\t<div class=\"elementor-element elementor-element-0c38b93 elementor-widget elementor-widget-heading\" data-id=\"0c38b93\" data-element_type=\"widget\" data-widget_type=\"heading.default\">\n\t\t\t\t\t<h2 class=\"elementor-heading-title elementor-size-default\"><a href=\"#brasil\">Brazil<\/a><\/h2>\t\t\t\t<\/div>\n\t\t\t\t<div class=\"elementor-element elementor-element-044e88a elementor-widget elementor-widget-heading\" data-id=\"044e88a\" data-element_type=\"widget\" data-widget_type=\"heading.default\">\n\t\t\t\t\t<h2 class=\"elementor-heading-title elementor-size-default\"><a href=\"#rota-energia\">The Energy Value Chain<\/a><\/h2>\t\t\t\t<\/div>\n\t\t\t\t<div class=\"elementor-element elementor-element-2add844 elementor-widget elementor-widget-heading\" data-id=\"2add844\" data-element_type=\"widget\" data-widget_type=\"heading.default\">\n\t\t\t\t\t<h2 class=\"elementor-heading-title elementor-size-default\"><a href=\"#sin\">SIN<\/a><\/h2>\t\t\t\t<\/div>\n\t\t\t\t<div class=\"elementor-element elementor-element-adbb850 elementor-widget elementor-widget-heading\" data-id=\"adbb850\" data-element_type=\"widget\" data-widget_type=\"heading.default\">\n\t\t\t\t\t<h2 class=\"elementor-heading-title elementor-size-default\"><a href=\"#regulacao\">Regulatory Framework<\/a><\/h2>\t\t\t\t<\/div>\n\t\t\t\t\t<\/div>\n\t\t\t\t<\/div>\n\t\t\t\t<\/div>","protected":false},"excerpt":{"rendered":"<p>Diversas fontes, uma s\u00f3 energia Brasil, pot\u00eancia em energia limpa e renov\u00e1vel A energia el\u00e9trica no Brasil \u00e9 proveniente de um sistema hidro-termo-e\u00f3lico de grande porte e produzida principalmente por usinas hidrel\u00e9tricas instaladas nas diversas bacias hidrogr\u00e1ficas do pa\u00eds. A instala\u00e7\u00e3o de usinas e\u00f3licas e t\u00e9rmicas vem crescendo nos \u00faltimos anos, contribuindo de forma estrat\u00e9gica [&hellip;]<\/p>","protected":false},"author":1,"featured_media":0,"parent":0,"menu_order":0,"comment_status":"closed","ping_status":"closed","template":"elementor_header_footer","meta":{"footnotes":""},"class_list":["post-244","page","type-page","status-publish","hentry"],"_links":{"self":[{"href":"https:\/\/verenenergia.com\/en\/wp-json\/wp\/v2\/pages\/244","targetHints":{"allow":["GET"]}}],"collection":[{"href":"https:\/\/verenenergia.com\/en\/wp-json\/wp\/v2\/pages"}],"about":[{"href":"https:\/\/verenenergia.com\/en\/wp-json\/wp\/v2\/types\/page"}],"author":[{"embeddable":true,"href":"https:\/\/verenenergia.com\/en\/wp-json\/wp\/v2\/users\/1"}],"replies":[{"embeddable":true,"href":"https:\/\/verenenergia.com\/en\/wp-json\/wp\/v2\/comments?post=244"}],"version-history":[{"count":160,"href":"https:\/\/verenenergia.com\/en\/wp-json\/wp\/v2\/pages\/244\/revisions"}],"predecessor-version":[{"id":3410,"href":"https:\/\/verenenergia.com\/en\/wp-json\/wp\/v2\/pages\/244\/revisions\/3410"}],"wp:attachment":[{"href":"https:\/\/verenenergia.com\/en\/wp-json\/wp\/v2\/media?parent=244"}],"curies":[{"name":"wp","href":"https:\/\/api.w.org\/{rel}","templated":true}]}}