{"id":250,"date":"2025-01-13T09:30:42","date_gmt":"2025-01-13T12:30:42","guid":{"rendered":"https:\/\/verenenergia.com\/?page_id=250"},"modified":"2026-04-01T17:39:44","modified_gmt":"2026-04-01T20:39:44","slug":"pdi","status":"publish","type":"page","link":"https:\/\/verenenergia.com\/en\/pdi\/","title":{"rendered":"Pdi"},"content":{"rendered":"<div data-elementor-type=\"wp-page\" data-elementor-id=\"250\" class=\"elementor elementor-250\" data-elementor-post-type=\"page\">\n\t\t\t\t<div class=\"elementor-element elementor-element-acb3de9 e-flex e-con-boxed e-con e-parent\" data-id=\"acb3de9\" data-element_type=\"container\" data-settings=\"{&quot;background_background&quot;:&quot;classic&quot;}\">\n\t\t\t\t\t<div class=\"e-con-inner\">\n\t\t\t\t<div class=\"elementor-element elementor-element-385890f elementor-widget__width-initial elementor-widget elementor-widget-heading\" data-id=\"385890f\" data-element_type=\"widget\" data-widget_type=\"heading.default\">\n\t\t\t\t\t<h2 class=\"elementor-heading-title elementor-size-default\">Always forward<br>\nwith Research,<br>\nDevelopment<br>\nand Innovation<br><\/h2>\t\t\t\t<\/div>\n\t\t\t\t\t<\/div>\n\t\t\t\t<\/div>\n\t\t<div class=\"elementor-element elementor-element-a325eab e-flex e-con-boxed e-con e-parent\" data-id=\"a325eab\" data-element_type=\"container\">\n\t\t\t\t\t<div class=\"e-con-inner\">\n\t\t<div class=\"elementor-element elementor-element-a89d71e e-con-full e-flex e-con e-child\" data-id=\"a89d71e\" data-element_type=\"container\">\n\t\t<div class=\"elementor-element elementor-element-5fa7907 e-con-full e-flex e-con e-child\" data-id=\"5fa7907\" data-element_type=\"container\">\n\t\t<div class=\"elementor-element elementor-element-6f7aab1 e-con-full e-flex e-con e-child\" data-id=\"6f7aab1\" data-element_type=\"container\">\n\t\t\t\t<div class=\"elementor-element elementor-element-1c7edde elementor-widget__width-initial elementor-widget elementor-widget-heading\" data-id=\"1c7edde\" data-element_type=\"widget\" data-widget_type=\"heading.default\">\n\t\t\t\t\t<h3 class=\"elementor-heading-title elementor-size-default\">Public Call for<\/h3>\t\t\t\t<\/div>\n\t\t\t\t<div class=\"elementor-element elementor-element-dd871ad elementor-widget__width-initial elementor-widget elementor-widget-heading\" data-id=\"dd871ad\" data-element_type=\"widget\" data-widget_type=\"heading.default\">\n\t\t\t\t\t<h3 class=\"elementor-heading-title elementor-size-default\">R&amp;D projects<\/h3>\t\t\t\t<\/div>\n\t\t\t\t<\/div>\n\t\t\t\t<\/div>\n\t\t<div class=\"elementor-element elementor-element-bafe155 e-con-full e-flex e-con e-child\" data-id=\"bafe155\" data-element_type=\"container\">\n\t\t<div class=\"elementor-element elementor-element-eaf50ba e-con-full e-flex e-con e-child\" data-id=\"eaf50ba\" data-element_type=\"container\">\n\t\t\t\t<div class=\"elementor-element elementor-element-417db42 elementor-widget__width-initial elementor-widget elementor-widget-heading\" data-id=\"417db42\" data-element_type=\"widget\" data-widget_type=\"heading.default\">\n\t\t\t\t\t<h2 class=\"elementor-heading-title elementor-size-default\">Research, Development and Innovation (R&amp;D&amp;I) Projects<\/h2>\t\t\t\t<\/div>\n\t\t\t\t<div class=\"elementor-element elementor-element-6de7bfd elementor-widget-divider--view-line elementor-widget elementor-widget-divider\" data-id=\"6de7bfd\" data-element_type=\"widget\" data-widget_type=\"divider.default\">\n\t\t\t\t\t\t\t<div class=\"elementor-divider\">\n\t\t\t<span class=\"elementor-divider-separator\">\n\t\t\t\t\t\t<\/span>\n\t\t<\/div>\n\t\t\t\t\t\t<\/div>\n\t\t\t\t<\/div>\n\t\t\t\t<div class=\"elementor-element elementor-element-3b3e7dd elementor-widget__width-initial elementor-widget-mobile__width-inherit elementor-widget elementor-widget-text-editor\" data-id=\"3b3e7dd\" data-element_type=\"widget\" data-widget_type=\"text-editor.default\">\n\t\t\t\t\t\t\t\t\t<p>\u00a0<\/p><p>A <strong>Verene<\/strong> Invites institutions and companies to submit R&amp;D projects focused on the electricity transmission sector, with an emphasis on innovative technological solutions that increase the efficiency, reliability, and modernization of the system.<\/p><p>The public call seeks to select proposals aligned with ANEEL&#039;s strategic themes and guidelines, prioritizing projects with practical application that promote improvements in processes, equipment, systems, and operation and maintenance methodologies.<\/p><p>\u00a0<\/p><h4><strong>Suggested topics<\/strong><\/h4><p>Projects should relate to one or more of the following themes:<\/p><ul><li>Topic 1 - Integrity of Transmission Line Stays - Mechanical Solutions.<\/li><li>Topic 2 \u2013 Predictive Diagnosis of Critical Components in Synchronous Compensators.<\/li><li>Topic 3 \u2013 Development of Coatings to Mitigate the Effects of Lightning Strikes on Metallic Structures of Transmission Towers.<\/li><li>Topic 4 \u2013 Climate Risk Management \u2013 Comparison between Risks Estimated by Weather Forecasts and Events That Actually Occurred.<\/li><li>Topic 5 \u2013 Minimizing Erosion Under Transmission Towers Using Soil Cover.<\/li><\/ul>\t\t\t\t\t\t\t\t<\/div>\n\t\t\t\t<\/div>\n\t\t<div class=\"elementor-element elementor-element-58f5770 e-flex e-con-boxed e-con e-child\" data-id=\"58f5770\" data-element_type=\"container\">\n\t\t\t\t\t<div class=\"e-con-inner\">\n\t\t<div class=\"elementor-element elementor-element-3778062 e-con-full e-flex e-con e-child\" data-id=\"3778062\" data-element_type=\"container\">\n\t\t\t\t<div class=\"elementor-element elementor-element-0e19a66 elementor-widget__width-initial elementor-widget elementor-widget-heading\" data-id=\"0e19a66\" data-element_type=\"widget\" data-widget_type=\"heading.default\">\n\t\t\t\t\t<h2 class=\"elementor-heading-title elementor-size-default\">Notice<\/h2>\t\t\t\t<\/div>\n\t\t\t\t<div class=\"elementor-element elementor-element-33283f9 elementor-widget-divider--view-line elementor-widget elementor-widget-divider\" data-id=\"33283f9\" data-element_type=\"widget\" data-widget_type=\"divider.default\">\n\t\t\t\t\t\t\t<div class=\"elementor-divider\">\n\t\t\t<span class=\"elementor-divider-separator\">\n\t\t\t\t\t\t<\/span>\n\t\t<\/div>\n\t\t\t\t\t\t<\/div>\n\t\t\t\t<\/div>\n\t\t\t\t<div class=\"elementor-element elementor-element-7c83639 elementor-widget__width-initial elementor-widget-mobile__width-inherit elementor-widget elementor-widget-text-editor\" data-id=\"7c83639\" data-element_type=\"widget\" data-widget_type=\"text-editor.default\">\n\t\t\t\t\t\t\t\t\t<p>For more information on eligibility criteria, selection process steps, and technical requirements, please access the complete notice.<\/p>\t\t\t\t\t\t\t\t<\/div>\n\t\t<div class=\"elementor-element elementor-element-b11b4ec e-con-full e-flex e-con e-child\" data-id=\"b11b4ec\" data-element_type=\"container\">\n\t\t<div class=\"elementor-element elementor-element-5968143 e-con-full e-flex e-con e-child\" data-id=\"5968143\" data-element_type=\"container\">\n\t\t\t\t<div class=\"elementor-element elementor-element-2c9680f elementor-align-right elementor-widget elementor-widget-button\" data-id=\"2c9680f\" data-element_type=\"widget\" data-widget_type=\"button.default\">\n\t\t\t\t\t\t\t\t\t\t<a class=\"elementor-button elementor-button-link elementor-size-sm\" href=\"https:\/\/verenenergia.com\/wp-content\/uploads\/2026\/04\/Edital.7z\" target=\"_blank\">\n\t\t\t\t\t\t<span class=\"elementor-button-content-wrapper\">\n\t\t\t\t\t\t\t\t\t<span class=\"elementor-button-text\">DOWNLOAD THE COMPLETE NOTICE<\/span>\n\t\t\t\t\t<\/span>\n\t\t\t\t\t<\/a>\n\t\t\t\t\t\t\t\t<\/div>\n\t\t\t\t<\/div>\n\t\t\t\t<\/div>\n\t\t\t\t<div class=\"elementor-element elementor-element-b9f2874 elementor-widget__width-initial elementor-widget-mobile__width-inherit elementor-widget elementor-widget-text-editor\" data-id=\"b9f2874\" data-element_type=\"widget\" data-widget_type=\"text-editor.default\">\n\t\t\t\t\t\t\t\t\t<p><strong>How do I submit proposals?<\/strong><\/p><p>Interested institutions should submit their proposals in accordance with the guidelines described in the call for proposals.<\/p><p>Proposals must be submitted by <span style=\"text-decoration: underline;\"><strong>deadline of 15\/05\/2026<\/strong><\/span>.<\/p><p>Submissions can be made using the available submission form.<\/p><p>\u00a0<\/p><p><strong>Be part of the innovation in the electricity sector!<\/strong><\/p><p>Participate in this initiative and contribute to the development of solutions that will transform the future of energy transmission in Brazil.<\/p><p>Innovation starts with good ideas, and yours could be the next one to make a real impact.<\/p>\t\t\t\t\t\t\t\t<\/div>\n\t\t<div class=\"elementor-element elementor-element-0ed9088 e-con-full e-flex e-con e-child\" data-id=\"0ed9088\" data-element_type=\"container\">\n\t\t\t\t<div class=\"elementor-element elementor-element-9eacadd elementor-align-left elementor-widget elementor-widget-button\" data-id=\"9eacadd\" data-element_type=\"widget\" data-widget_type=\"button.default\">\n\t\t\t\t\t\t\t\t\t\t<a class=\"elementor-button elementor-button-link elementor-size-sm\" href=\"https:\/\/forms.gle\/21kitkjXS2G7bTd78\" target=\"_blank\">\n\t\t\t\t\t\t<span class=\"elementor-button-content-wrapper\">\n\t\t\t\t\t\t\t\t\t<span class=\"elementor-button-text\">ACCESS REGISTRATION FORM<\/span>\n\t\t\t\t\t<\/span>\n\t\t\t\t\t<\/a>\n\t\t\t\t\t\t\t\t<\/div>\n\t\t\t\t<\/div>\n\t\t\t\t<div class=\"elementor-element elementor-element-63857d1 elementor-widget__width-initial elementor-widget-mobile__width-inherit elementor-widget elementor-widget-text-editor\" data-id=\"63857d1\" data-element_type=\"widget\" data-widget_type=\"text-editor.default\">\n\t\t\t\t\t\t\t\t\t<pre><strong>Important:<\/strong> <span style=\"text-decoration: underline;\">To submit proposals on multiple topics, a specific form must be sent for each project.<\/span><\/pre><p>If you have any questions about this call for proposals, please contact the R&amp;D Program team by email. <b data-path-to-node=\"0\" data-index-in-node=\"237\">chamada.pdi@verenenergia.com<\/b>.<\/p><p>\u00a0<\/p>\t\t\t\t\t\t\t\t<\/div>\n\t\t<div class=\"elementor-element elementor-element-44e324e e-con-full e-flex e-con e-child\" data-id=\"44e324e\" data-element_type=\"container\">\n\t\t\t\t<\/div>\n\t\t<div class=\"elementor-element elementor-element-f957e5e e-con-full e-flex e-con e-child\" data-id=\"f957e5e\" data-element_type=\"container\">\n\t\t\t\t<\/div>\n\t\t\t\t\t<\/div>\n\t\t\t\t<\/div>\n\t\t\t\t<\/div>\n\t\t\t\t\t<\/div>\n\t\t\t\t<\/div>\n\t\t<div class=\"elementor-element elementor-element-7bde453 e-flex e-con-boxed e-con e-parent\" data-id=\"7bde453\" data-element_type=\"container\" id=\"projetos\" data-settings=\"{&quot;background_background&quot;:&quot;classic&quot;}\">\n\t\t\t\t\t<div class=\"e-con-inner\">\n\t\t<div class=\"elementor-element elementor-element-8416dd6 e-con-full e-flex e-con e-child\" data-id=\"8416dd6\" data-element_type=\"container\">\n\t\t\t\t<div class=\"elementor-element elementor-element-49f9fe1 elementor-widget__width-initial elementor-widget elementor-widget-heading\" data-id=\"49f9fe1\" data-element_type=\"widget\" data-widget_type=\"heading.default\">\n\t\t\t\t\t<h2 class=\"elementor-heading-title elementor-size-default\">Research, Development and Innovation Program<\/h2>\t\t\t\t<\/div>\n\t\t\t\t<div class=\"elementor-element elementor-element-1836a25 elementor-widget elementor-widget-text-editor\" data-id=\"1836a25\" data-element_type=\"widget\" data-widget_type=\"text-editor.default\">\n\t\t\t\t\t\t\t\t\t<div class=\"text-1\"><div class=\"color-dark-purple\"><p class=\"\" data-ninja-font=\"spacegrotesk_light_normal_u3bhy\">Verene supports national technological development in partnership with various research institutions, aligning the Research and Development Program, regulated and overseen by ANEEL, with the company&#039;s strategic guidelines.<\/p><\/div><\/div><div class=\"text-2\"><div class=\"font-40 color-dark-green\">\u00a0<\/div><\/div>\t\t\t\t\t\t\t\t<\/div>\n\t\t\t\t<\/div>\n\t\t\t\t\t<\/div>\n\t\t\t\t<\/div>\n\t\t<div class=\"elementor-element elementor-element-bdc9ab5 e-flex e-con-boxed e-con e-parent\" data-id=\"bdc9ab5\" data-element_type=\"container\" data-settings=\"{&quot;background_background&quot;:&quot;classic&quot;,&quot;position&quot;:&quot;fixed&quot;}\">\n\t\t\t\t\t<div class=\"e-con-inner\">\n\t\t\t\t<div class=\"elementor-element elementor-element-15949a2 elementor-widget elementor-widget-heading\" data-id=\"15949a2\" data-element_type=\"widget\" data-widget_type=\"heading.default\">\n\t\t\t\t\t<h2 class=\"elementor-heading-title elementor-size-default\">ABOUT US<\/h2>\t\t\t\t<\/div>\n\t\t\t\t<div class=\"elementor-element elementor-element-4d798ec elementor-widget elementor-widget-heading\" data-id=\"4d798ec\" data-element_type=\"widget\" data-widget_type=\"heading.default\">\n\t\t\t\t\t<h2 class=\"elementor-heading-title elementor-size-default\"><a href=\"#projetos\">Projects<\/a><\/h2>\t\t\t\t<\/div>\n\t\t\t\t\t<\/div>\n\t\t\t\t<\/div>\n\t\t\t\t<\/div>","protected":false},"excerpt":{"rendered":"<p>Sempre em frente com Pesquisa, Desenvolvimento e Inova\u00e7\u00e3o Chamada P\u00fablica de Projetos de PDI Projetos de Pesquisa, Desenvolvimento e Inova\u00e7\u00e3o (PDI) \u00a0 A Verene convida institui\u00e7\u00f5es e empresas a submeterem projetos de P&amp;D voltados ao setor de transmiss\u00e3o de energia el\u00e9trica, com foco em solu\u00e7\u00f5es tecnol\u00f3gicas inovadoras que aumentem a efici\u00eancia, confiabilidade e moderniza\u00e7\u00e3o do [&hellip;]<\/p>","protected":false},"author":1,"featured_media":0,"parent":0,"menu_order":0,"comment_status":"closed","ping_status":"closed","template":"elementor_header_footer","meta":{"footnotes":""},"class_list":["post-250","page","type-page","status-publish","hentry"],"_links":{"self":[{"href":"https:\/\/verenenergia.com\/en\/wp-json\/wp\/v2\/pages\/250","targetHints":{"allow":["GET"]}}],"collection":[{"href":"https:\/\/verenenergia.com\/en\/wp-json\/wp\/v2\/pages"}],"about":[{"href":"https:\/\/verenenergia.com\/en\/wp-json\/wp\/v2\/types\/page"}],"author":[{"embeddable":true,"href":"https:\/\/verenenergia.com\/en\/wp-json\/wp\/v2\/users\/1"}],"replies":[{"embeddable":true,"href":"https:\/\/verenenergia.com\/en\/wp-json\/wp\/v2\/comments?post=250"}],"version-history":[{"count":104,"href":"https:\/\/verenenergia.com\/en\/wp-json\/wp\/v2\/pages\/250\/revisions"}],"predecessor-version":[{"id":4086,"href":"https:\/\/verenenergia.com\/en\/wp-json\/wp\/v2\/pages\/250\/revisions\/4086"}],"wp:attachment":[{"href":"https:\/\/verenenergia.com\/en\/wp-json\/wp\/v2\/media?parent=250"}],"curies":[{"name":"wp","href":"https:\/\/api.w.org\/{rel}","templated":true}]}}