{"id":280,"date":"2025-01-13T10:13:47","date_gmt":"2025-01-13T13:13:47","guid":{"rendered":"https:\/\/verenenergia.com\/?page_id=280"},"modified":"2026-04-02T17:29:55","modified_gmt":"2026-04-02T20:29:55","slug":"compliance","status":"publish","type":"page","link":"https:\/\/verenenergia.com\/en\/compliance\/","title":{"rendered":"Compliance"},"content":{"rendered":"<div data-elementor-type=\"wp-page\" data-elementor-id=\"280\" class=\"elementor elementor-280\" data-elementor-post-type=\"page\">\n\t\t\t\t<div class=\"elementor-element elementor-element-2f7238b e-flex e-con-boxed e-con e-parent\" data-id=\"2f7238b\" data-element_type=\"container\" data-settings=\"{&quot;background_background&quot;:&quot;classic&quot;}\">\n\t\t\t\t\t<div class=\"e-con-inner\">\n\t\t\t\t\t<\/div>\n\t\t\t\t<\/div>\n\t\t<div class=\"elementor-element elementor-element-5d12af2 e-flex e-con-boxed e-con e-parent\" data-id=\"5d12af2\" data-element_type=\"container\" data-settings=\"{&quot;background_background&quot;:&quot;classic&quot;}\">\n\t\t\t\t\t<div class=\"e-con-inner\">\n\t\t<div class=\"elementor-element elementor-element-ad8757f e-con-full e-flex e-con e-child\" data-id=\"ad8757f\" data-element_type=\"container\" id=\"politicas\">\n\t\t<div class=\"elementor-element elementor-element-f2efdd2 e-con-full e-flex e-con e-child\" data-id=\"f2efdd2\" data-element_type=\"container\">\n\t\t<div class=\"elementor-element elementor-element-f979af8 e-con-full e-flex e-con e-child\" data-id=\"f979af8\" data-element_type=\"container\">\n\t\t\t\t<div class=\"elementor-element elementor-element-3009818 elementor-widget__width-initial elementor-widget elementor-widget-heading\" data-id=\"3009818\" data-element_type=\"widget\" data-widget_type=\"heading.default\">\n\t\t\t\t\t<h2 class=\"elementor-heading-title elementor-size-default\">Transparency,<br>\nresponsibility<br>\n&amp; integrity<\/h2>\t\t\t\t<\/div>\n\t\t\t\t<\/div>\n\t\t<div class=\"elementor-element elementor-element-1a5050b e-con-full elementor-hidden-tablet elementor-hidden-mobile e-flex e-con e-child\" data-id=\"1a5050b\" data-element_type=\"container\">\n\t\t\t\t<\/div>\n\t\t\t\t<\/div>\n\t\t<div class=\"elementor-element elementor-element-e1aaaea e-con-full e-flex e-con e-child\" data-id=\"e1aaaea\" data-element_type=\"container\">\n\t\t<div class=\"elementor-element elementor-element-0d0cc88 e-con-full e-flex e-con e-child\" data-id=\"0d0cc88\" data-element_type=\"container\">\n\t\t\t\t<div class=\"elementor-element elementor-element-4f03c54 elementor-widget__width-initial elementor-widget elementor-widget-heading\" data-id=\"4f03c54\" data-element_type=\"widget\" data-widget_type=\"heading.default\">\n\t\t\t\t\t<h2 class=\"elementor-heading-title elementor-size-default\">Compliance Policies<\/h2>\t\t\t\t<\/div>\n\t\t\t\t<div class=\"elementor-element elementor-element-92c2cda elementor-widget-divider--view-line elementor-widget elementor-widget-divider\" data-id=\"92c2cda\" data-element_type=\"widget\" data-widget_type=\"divider.default\">\n\t\t\t\t\t\t\t<div class=\"elementor-divider\">\n\t\t\t<span class=\"elementor-divider-separator\">\n\t\t\t\t\t\t<\/span>\n\t\t<\/div>\n\t\t\t\t\t\t<\/div>\n\t\t\t\t<\/div>\n\t\t\t\t<div class=\"elementor-element elementor-element-18dcd4f elementor-widget__width-initial elementor-widget-mobile__width-inherit elementor-widget elementor-widget-text-editor\" data-id=\"18dcd4f\" data-element_type=\"widget\" data-widget_type=\"text-editor.default\">\n\t\t\t\t\t\t\t\t\t<p class=\"m_421475035694676820xmsonormal\">At Verene, integrity and ethics are fundamental values.<u><\/u><u><\/u><\/p><p class=\"m_421475035694676820xmsonormal\">Our\u00a0<b>Compliance Policies<\/b>\u00a0We establish rules of conduct in order to maintain our reputation for integrity, honesty, and professionalism.<u><\/u><u><\/u><\/p><p class=\"m_421475035694676820xmsonormal\">They present standards, rules, and principles to guide Verene employees in situations involving ethics.<br \/>and professional conduct.<\/p>\t\t\t\t\t\t\t\t<\/div>\n\t\t<div class=\"elementor-element elementor-element-ad696eb e-con-full e-flex e-con e-child\" data-id=\"ad696eb\" data-element_type=\"container\">\n\t\t<div class=\"elementor-element elementor-element-46fe811 e-con-full e-flex e-con e-child\" data-id=\"46fe811\" data-element_type=\"container\">\n\t\t\t\t<div class=\"elementor-element elementor-element-0d8e92d elementor-widget elementor-widget-button\" data-id=\"0d8e92d\" data-element_type=\"widget\" data-widget_type=\"button.default\">\n\t\t\t\t\t\t\t\t\t\t<a class=\"elementor-button elementor-button-link elementor-size-sm\" href=\"https:\/\/verenenergia.com\/wp-content\/uploads\/2026\/04\/2025_-Codigo-de-Etica-Verene.pdf\" target=\"_blank\">\n\t\t\t\t\t\t<span class=\"elementor-button-content-wrapper\">\n\t\t\t\t\t\t\t\t\t<span class=\"elementor-button-text\">CODE OF ETHICS<\/span>\n\t\t\t\t\t<\/span>\n\t\t\t\t\t<\/a>\n\t\t\t\t\t\t\t\t<\/div>\n\t\t\t\t<div class=\"elementor-element elementor-element-a90fe2f elementor-widget elementor-widget-button\" data-id=\"a90fe2f\" data-element_type=\"widget\" data-widget_type=\"button.default\">\n\t\t\t\t\t\t\t\t\t\t<a class=\"elementor-button elementor-button-link elementor-size-sm\" href=\"https:\/\/verenenergia.com\/wp-content\/uploads\/2026\/04\/PL-_004.2023-Politica-de-Compliance-Verene-Energia-VF.pdf\" target=\"_blank\">\n\t\t\t\t\t\t<span class=\"elementor-button-content-wrapper\">\n\t\t\t\t\t\t\t\t\t<span class=\"elementor-button-text\">COMPLIANCE<\/span>\n\t\t\t\t\t<\/span>\n\t\t\t\t\t<\/a>\n\t\t\t\t\t\t\t\t<\/div>\n\t\t\t\t<div class=\"elementor-element elementor-element-37035a2 elementor-widget elementor-widget-button\" data-id=\"37035a2\" data-element_type=\"widget\" data-widget_type=\"button.default\">\n\t\t\t\t\t\t\t\t\t\t<a class=\"elementor-button elementor-button-link elementor-size-sm\" href=\"https:\/\/verenenergia.com\/wp-content\/uploads\/2026\/04\/PL_006.2023-Politica-de-Recebimento-e-Tratamento-de-Denuncias-VF.pdf\" target=\"_blank\">\n\t\t\t\t\t\t<span class=\"elementor-button-content-wrapper\">\n\t\t\t\t\t\t\t\t\t<span class=\"elementor-button-text\">Handling complaints<\/span>\n\t\t\t\t\t<\/span>\n\t\t\t\t\t<\/a>\n\t\t\t\t\t\t\t\t<\/div>\n\t\t\t\t<\/div>\n\t\t<div class=\"elementor-element elementor-element-664f799 e-con-full e-flex e-con e-child\" data-id=\"664f799\" data-element_type=\"container\">\n\t\t\t\t<div class=\"elementor-element elementor-element-68e03ac elementor-widget elementor-widget-button\" data-id=\"68e03ac\" data-element_type=\"widget\" data-widget_type=\"button.default\">\n\t\t\t\t\t\t\t\t\t\t<a class=\"elementor-button elementor-button-link elementor-size-sm\" href=\"https:\/\/verenenergia.com\/wp-content\/uploads\/2026\/04\/PL_005.2023-Politica-de-Prevencao-ao-Assedio-e-Ma-Conduta.pdf\" target=\"_blank\">\n\t\t\t\t\t\t<span class=\"elementor-button-content-wrapper\">\n\t\t\t\t\t\t\t\t\t<span class=\"elementor-button-text\">Harassment Prevention<\/span>\n\t\t\t\t\t<\/span>\n\t\t\t\t\t<\/a>\n\t\t\t\t\t\t\t\t<\/div>\n\t\t\t\t<div class=\"elementor-element elementor-element-8f4d8f0 elementor-widget elementor-widget-button\" data-id=\"8f4d8f0\" data-element_type=\"widget\" data-widget_type=\"button.default\">\n\t\t\t\t\t\t\t\t\t\t<a class=\"elementor-button elementor-button-link elementor-size-sm\" href=\"https:\/\/verenenergia.com\/wp-content\/uploads\/2026\/04\/PL-_002.2023-Politica-Anticorrupcao-e-Antisuborno-Verene-VF.pdf\" target=\"_blank\">\n\t\t\t\t\t\t<span class=\"elementor-button-content-wrapper\">\n\t\t\t\t\t\t\t\t\t<span class=\"elementor-button-text\">Anti-corruption and anti-bribery<\/span>\n\t\t\t\t\t<\/span>\n\t\t\t\t\t<\/a>\n\t\t\t\t\t\t\t\t<\/div>\n\t\t\t\t<\/div>\n\t\t\t\t<\/div>\n\t\t\t\t<\/div>\n\t\t<div class=\"elementor-element elementor-element-61e635a e-con-full e-flex e-con e-child\" data-id=\"61e635a\" data-element_type=\"container\" id=\"privacidade\">\n\t\t<div class=\"elementor-element elementor-element-5b77b20 e-con-full e-flex e-con e-child\" data-id=\"5b77b20\" data-element_type=\"container\">\n\t\t\t\t<div class=\"elementor-element elementor-element-89f45b6 elementor-widget__width-initial elementor-widget elementor-widget-heading\" data-id=\"89f45b6\" data-element_type=\"widget\" data-widget_type=\"heading.default\">\n\t\t\t\t\t<h2 class=\"elementor-heading-title elementor-size-default\">Privacy Policy<\/h2>\t\t\t\t<\/div>\n\t\t\t\t<div class=\"elementor-element elementor-element-d807921 elementor-widget-divider--view-line elementor-widget elementor-widget-divider\" data-id=\"d807921\" data-element_type=\"widget\" data-widget_type=\"divider.default\">\n\t\t\t\t\t\t\t<div class=\"elementor-divider\">\n\t\t\t<span class=\"elementor-divider-separator\">\n\t\t\t\t\t\t<\/span>\n\t\t<\/div>\n\t\t\t\t\t\t<\/div>\n\t\t\t\t<\/div>\n\t\t\t\t<div class=\"elementor-element elementor-element-ec29ef7 elementor-widget__width-initial elementor-widget-mobile__width-inherit elementor-widget elementor-widget-text-editor\" data-id=\"ec29ef7\" data-element_type=\"widget\" data-widget_type=\"text-editor.default\">\n\t\t\t\t\t\t\t\t\t<p>Verene is committed to protecting the personal data it collects, processes, and deletes, in accordance with the terms of its Privacy Policy and the General Data Protection Law \u2013 LGPD (Federal Law 13.709\/2018).<\/p><p>Data subjects are guaranteed the right to submit their requests through the following communication channel:<\/p><p>privacy@verenenergia.com or, in the case of correspondence, addressed to Verene&#039;s headquarters, located at Rua do Catete, 359 (4th floor), Flamengo, Rio de Janeiro (RJ) \u2013 CEP 21043-070.<\/p>\t\t\t\t\t\t\t\t<\/div>\n\t\t<div class=\"elementor-element elementor-element-5d3f56d e-con-full e-flex e-con e-child\" data-id=\"5d3f56d\" data-element_type=\"container\">\n\t\t<div class=\"elementor-element elementor-element-2a0454f e-con-full e-flex e-con e-child\" data-id=\"2a0454f\" data-element_type=\"container\">\n\t\t\t\t<div class=\"elementor-element elementor-element-908279f elementor-widget elementor-widget-button\" data-id=\"908279f\" data-element_type=\"widget\" data-widget_type=\"button.default\">\n\t\t\t\t\t\t\t\t\t\t<a class=\"elementor-button elementor-button-link elementor-size-sm\" href=\"https:\/\/verenenergia.com\/wp-content\/uploads\/2026\/04\/PL-_003.2023-Politica-de-Privacidade-Verene-VF.pdf\" target=\"_blank\">\n\t\t\t\t\t\t<span class=\"elementor-button-content-wrapper\">\n\t\t\t\t\t\t\t\t\t<span class=\"elementor-button-text\">PRIVACY POLICY<\/span>\n\t\t\t\t\t<\/span>\n\t\t\t\t\t<\/a>\n\t\t\t\t\t\t\t\t<\/div>\n\t\t\t\t<\/div>\n\t\t\t\t<\/div>\n\t\t\t\t<\/div>\n\t\t\t\t<\/div>\n\t\t<div class=\"elementor-element elementor-element-6ef66f2 e-con-full elementor-hidden-tablet elementor-hidden-mobile e-flex e-con e-child\" data-id=\"6ef66f2\" data-element_type=\"container\" data-settings=\"{&quot;background_background&quot;:&quot;classic&quot;,&quot;position&quot;:&quot;fixed&quot;}\">\n\t\t\t\t<div class=\"elementor-element elementor-element-4afdd02 elementor-widget elementor-widget-heading\" data-id=\"4afdd02\" data-element_type=\"widget\" data-widget_type=\"heading.default\">\n\t\t\t\t\t<h2 class=\"elementor-heading-title elementor-size-default\">COMPLIANCE<\/h2>\t\t\t\t<\/div>\n\t\t\t\t<div class=\"elementor-element elementor-element-e32fbd0 elementor-widget elementor-widget-heading\" data-id=\"e32fbd0\" data-element_type=\"widget\" data-widget_type=\"heading.default\">\n\t\t\t\t\t<h2 class=\"elementor-heading-title elementor-size-default\"><a href=\"#politicas\">Compliance Policies<\/a><\/h2>\t\t\t\t<\/div>\n\t\t\t\t<div class=\"elementor-element elementor-element-0039add elementor-widget elementor-widget-heading\" data-id=\"0039add\" data-element_type=\"widget\" data-widget_type=\"heading.default\">\n\t\t\t\t\t<h2 class=\"elementor-heading-title elementor-size-default\"><a href=\"#privacidade\">Privacy Policy<\/a><\/h2>\t\t\t\t<\/div>\n\t\t\t\t<div class=\"elementor-element elementor-element-e3554c0 elementor-widget elementor-widget-heading\" data-id=\"e3554c0\" data-element_type=\"widget\" data-widget_type=\"heading.default\">\n\t\t\t\t\t<h2 class=\"elementor-heading-title elementor-size-default\"><a href=\"#denuncia\">Reporting channel<\/a><\/h2>\t\t\t\t<\/div>\n\t\t\t\t<\/div>\n\t\t\t\t\t<\/div>\n\t\t\t\t<\/div>\n\t\t<div class=\"elementor-element elementor-element-8406396 e-flex e-con-boxed e-con e-child\" data-id=\"8406396\" data-element_type=\"container\" id=\"denuncia\" data-settings=\"{&quot;background_background&quot;:&quot;classic&quot;}\">\n\t\t\t\t\t<div class=\"e-con-inner\">\n\t\t<div class=\"elementor-element elementor-element-5eb9ceb e-con-full e-flex e-con e-child\" data-id=\"5eb9ceb\" data-element_type=\"container\">\n\t\t\t\t<div class=\"elementor-element elementor-element-0a5be5a elementor-widget__width-initial elementor-widget elementor-widget-heading\" data-id=\"0a5be5a\" data-element_type=\"widget\" data-widget_type=\"heading.default\">\n\t\t\t\t\t<h2 class=\"elementor-heading-title elementor-size-default\">REPORTING CHANNEL<\/h2>\t\t\t\t<\/div>\n\t\t\t\t<div class=\"elementor-element elementor-element-1922429 elementor-widget__width-initial elementor-widget elementor-widget-heading\" data-id=\"1922429\" data-element_type=\"widget\" data-widget_type=\"heading.default\">\n\t\t\t\t\t<h2 class=\"elementor-heading-title elementor-size-default\">0800 878 9047<\/h2>\t\t\t\t<\/div>\n\t\t\t\t<div class=\"elementor-element elementor-element-079c3a2 elementor-widget elementor-widget-button\" data-id=\"079c3a2\" data-element_type=\"widget\" data-widget_type=\"button.default\">\n\t\t\t\t\t\t\t\t\t\t<a class=\"elementor-button elementor-button-link elementor-size-sm\" href=\"https:\/\/www.canalintegro.com.br\/vereneenergia\">\n\t\t\t\t\t\t<span class=\"elementor-button-content-wrapper\">\n\t\t\t\t\t\t\t\t\t<span class=\"elementor-button-text\">REPORT<\/span>\n\t\t\t\t\t<\/span>\n\t\t\t\t\t<\/a>\n\t\t\t\t\t\t\t\t<\/div>\n\t\t\t\t<\/div>\n\t\t<div class=\"elementor-element elementor-element-73a49cd e-con-full e-flex e-con e-child\" data-id=\"73a49cd\" data-element_type=\"container\">\n\t\t\t\t<div class=\"elementor-element elementor-element-64dc0c2 elementor-widget elementor-widget-text-editor\" data-id=\"64dc0c2\" data-element_type=\"widget\" data-widget_type=\"text-editor.default\">\n\t\t\t\t\t\t\t\t\t<p>This channel is exclusively for reporting irregularities or violations related to ethics, corporate fraud, bribery, sexual and moral harassment, or any other illegal practice.<\/p>\t\t\t\t\t\t\t\t<\/div>\n\t\t\t\t<\/div>\n\t\t\t\t\t<\/div>\n\t\t\t\t<\/div>\n\t\t\t\t<\/div>","protected":false},"excerpt":{"rendered":"<p>Transpar\u00eancia, responsabilidade &amp; integridade Poli\u0301ticas de Compliance Na Verene a Integridade e a \u00c9tica s\u00e3o valores fundamentais. Nossas\u00a0Pol\u00edticas de Compliance\u00a0estabelecem regras de conduta a fim de manter nossa reputa\u00e7\u00e3o de integridade, honestidade e profissionalismo. Apresentam padr\u00f5es, regras e princ\u00edpios para orientar os funcion\u00e1rios da Verene em situa\u00e7\u00f5es que envolvam \u00e9ticae conduta profissional. C\u00d3DIGO DE \u00c9TICA [&hellip;]<\/p>","protected":false},"author":1,"featured_media":0,"parent":0,"menu_order":0,"comment_status":"closed","ping_status":"closed","template":"elementor_header_footer","meta":{"footnotes":""},"class_list":["post-280","page","type-page","status-publish","hentry"],"_links":{"self":[{"href":"https:\/\/verenenergia.com\/en\/wp-json\/wp\/v2\/pages\/280","targetHints":{"allow":["GET"]}}],"collection":[{"href":"https:\/\/verenenergia.com\/en\/wp-json\/wp\/v2\/pages"}],"about":[{"href":"https:\/\/verenenergia.com\/en\/wp-json\/wp\/v2\/types\/page"}],"author":[{"embeddable":true,"href":"https:\/\/verenenergia.com\/en\/wp-json\/wp\/v2\/users\/1"}],"replies":[{"embeddable":true,"href":"https:\/\/verenenergia.com\/en\/wp-json\/wp\/v2\/comments?post=280"}],"version-history":[{"count":110,"href":"https:\/\/verenenergia.com\/en\/wp-json\/wp\/v2\/pages\/280\/revisions"}],"predecessor-version":[{"id":4111,"href":"https:\/\/verenenergia.com\/en\/wp-json\/wp\/v2\/pages\/280\/revisions\/4111"}],"wp:attachment":[{"href":"https:\/\/verenenergia.com\/en\/wp-json\/wp\/v2\/media?parent=280"}],"curies":[{"name":"wp","href":"https:\/\/api.w.org\/{rel}","templated":true}]}}