{"id":299,"date":"2025-01-13T11:03:58","date_gmt":"2025-01-13T14:03:58","guid":{"rendered":"https:\/\/verenenergia.com\/?page_id=299"},"modified":"2026-01-19T19:57:27","modified_gmt":"2026-01-19T22:57:27","slug":"trabalhe-conosco","status":"publish","type":"page","link":"https:\/\/verenenergia.com\/en\/trabalhe-conosco\/","title":{"rendered":"Work with us"},"content":{"rendered":"<div data-elementor-type=\"wp-page\" data-elementor-id=\"299\" class=\"elementor elementor-299\" data-elementor-post-type=\"page\">\n\t\t\t\t<div class=\"elementor-element elementor-element-d5813bb e-con-full e-flex e-con e-parent\" data-id=\"d5813bb\" data-element_type=\"container\">\n\t\t<div class=\"elementor-element elementor-element-b0825fc e-con-full e-flex e-con e-child\" data-id=\"b0825fc\" data-element_type=\"container\" data-settings=\"{&quot;background_background&quot;:&quot;gradient&quot;}\">\n\t\t<div class=\"elementor-element elementor-element-7fc489b e-flex e-con-boxed e-con e-child\" data-id=\"7fc489b\" data-element_type=\"container\">\n\t\t\t\t\t<div class=\"e-con-inner\">\n\t\t\t\t<div class=\"elementor-element elementor-element-6c5b8db elementor-widget elementor-widget-heading\" data-id=\"6c5b8db\" data-element_type=\"widget\" data-widget_type=\"heading.default\">\n\t\t\t\t\t<h2 class=\"elementor-heading-title elementor-size-default\">Work<br>\nWith us<\/h2>\t\t\t\t<\/div>\n\t\t\t\t<div class=\"elementor-element elementor-element-dda6cf4 elementor-widget__width-initial elementor-widget-mobile__width-inherit elementor-widget elementor-widget-text-editor\" data-id=\"dda6cf4\" data-element_type=\"widget\" data-widget_type=\"text-editor.default\">\n\t\t\t\t\t\t\t\t\t<p>At Verene, we believe that great results are built by people. We seek professionals aligned with our values and interested in growing with us, contributing to a prosperous and sustainable future.<\/p><p>Opportunities to join our team are posted on LinkedIn. Follow our communications to stay updated on news and future opportunities.<\/p>\t\t\t\t\t\t\t\t<\/div>\n\t\t\t\t<div class=\"elementor-element elementor-element-b3e9e5c elementor-align-left elementor-widget elementor-widget-button\" data-id=\"b3e9e5c\" data-element_type=\"widget\" data-widget_type=\"button.default\">\n\t\t\t\t\t\t\t\t\t\t<a class=\"elementor-button elementor-button-link elementor-size-sm\" href=\"https:\/\/www.linkedin.com\/company\/verenenergia\" target=\"_blank\">\n\t\t\t\t\t\t<span class=\"elementor-button-content-wrapper\">\n\t\t\t\t\t\t<span class=\"elementor-button-icon\">\n\t\t\t\t<svg aria-hidden=\"true\" class=\"e-font-icon-svg e-fab-linkedin\" viewbox=\"0 0 448 512\" xmlns=\"http:\/\/www.w3.org\/2000\/svg\"><path d=\"M416 32H31.9C14.3 32 0 46.5 0 64.3v383.4C0 465.5 14.3 480 31.9 480H416c17.6 0 32-14.5 32-32.3V64.3c0-17.8-14.4-32.3-32-32.3zM135.4 416H69V202.2h66.5V416zm-33.2-243c-21.3 0-38.5-17.3-38.5-38.5S80.9 96 102.2 96c21.2 0 38.5 17.3 38.5 38.5 0 21.3-17.2 38.5-38.5 38.5zm282.1 243h-66.4V312c0-24.8-.5-56.7-34.5-56.7-34.6 0-39.9 27-39.9 54.9V416h-66.4V202.2h63.7v29.2h.9c8.9-16.8 30.6-34.5 62.9-34.5 67.2 0 79.7 44.3 79.7 101.9V416z\"><\/path><\/svg>\t\t\t<\/span>\n\t\t\t\t\t\t\t\t\t<span class=\"elementor-button-text\">LinkedIn<\/span>\n\t\t\t\t\t<\/span>\n\t\t\t\t\t<\/a>\n\t\t\t\t\t\t\t\t<\/div>\n\t\t\t\t\t<\/div>\n\t\t\t\t<\/div>\n\t\t\t\t<\/div>\n\t\t<div class=\"elementor-element elementor-element-6998221 e-con-full e-flex e-con e-child\" data-id=\"6998221\" data-element_type=\"container\" data-settings=\"{&quot;background_background&quot;:&quot;classic&quot;}\">\n\t\t\t\t<\/div>\n\t\t\t\t<\/div>\n\t\t<div class=\"elementor-element elementor-element-d40ed1e elementor-hidden-tablet elementor-hidden-mobile e-flex e-con-boxed e-con e-parent\" data-id=\"d40ed1e\" data-element_type=\"container\" data-settings=\"{&quot;background_background&quot;:&quot;classic&quot;,&quot;position&quot;:&quot;fixed&quot;}\">\n\t\t\t\t\t<div class=\"e-con-inner\">\n\t\t\t\t<div class=\"elementor-element elementor-element-cd3e2cc elementor-widget elementor-widget-heading\" data-id=\"cd3e2cc\" data-element_type=\"widget\" data-widget_type=\"heading.default\">\n\t\t\t\t\t<h2 class=\"elementor-heading-title elementor-size-default\">WORK WITH US<\/h2>\t\t\t\t<\/div>\n\t\t\t\t\t<\/div>\n\t\t\t\t<\/div>\n\t\t\t\t<\/div>","protected":false},"excerpt":{"rendered":"<p>Trabalhe Conosco Na Verene, acreditamos que grandes resultados s\u00e3o constru\u00eddos por pessoas. Buscamos profissionais alinhados aos nossos valores e com interesse em evoluir conosco, contribuindo para um futuro pr\u00f3spero e sustent\u00e1vel. As oportunidades para integrar nosso time s\u00e3o divulgadas via LinkedIn. Acompanhe nossas comunica\u00e7\u00f5es para ficar por dentro das novidades e futuras oportunidades. Linkedin TRABALHE [&hellip;]<\/p>","protected":false},"author":1,"featured_media":0,"parent":0,"menu_order":0,"comment_status":"closed","ping_status":"closed","template":"elementor_header_footer","meta":{"footnotes":""},"class_list":["post-299","page","type-page","status-publish","hentry"],"_links":{"self":[{"href":"https:\/\/verenenergia.com\/en\/wp-json\/wp\/v2\/pages\/299","targetHints":{"allow":["GET"]}}],"collection":[{"href":"https:\/\/verenenergia.com\/en\/wp-json\/wp\/v2\/pages"}],"about":[{"href":"https:\/\/verenenergia.com\/en\/wp-json\/wp\/v2\/types\/page"}],"author":[{"embeddable":true,"href":"https:\/\/verenenergia.com\/en\/wp-json\/wp\/v2\/users\/1"}],"replies":[{"embeddable":true,"href":"https:\/\/verenenergia.com\/en\/wp-json\/wp\/v2\/comments?post=299"}],"version-history":[{"count":98,"href":"https:\/\/verenenergia.com\/en\/wp-json\/wp\/v2\/pages\/299\/revisions"}],"predecessor-version":[{"id":2853,"href":"https:\/\/verenenergia.com\/en\/wp-json\/wp\/v2\/pages\/299\/revisions\/2853"}],"wp:attachment":[{"href":"https:\/\/verenenergia.com\/en\/wp-json\/wp\/v2\/media?parent=299"}],"curies":[{"name":"wp","href":"https:\/\/api.w.org\/{rel}","templated":true}]}}