{"id":326,"date":"2025-01-13T13:49:04","date_gmt":"2025-01-13T16:49:04","guid":{"rendered":"https:\/\/verenenergia.com\/?page_id=326"},"modified":"2026-04-02T10:46:53","modified_gmt":"2026-04-02T13:46:53","slug":"noticias","status":"publish","type":"page","link":"https:\/\/verenenergia.com\/en\/noticias\/","title":{"rendered":"News"},"content":{"rendered":"<div data-elementor-type=\"wp-page\" data-elementor-id=\"326\" class=\"elementor elementor-326\" data-elementor-post-type=\"page\">\n\t\t\t\t<div class=\"elementor-element elementor-element-9d7cfff e-flex e-con-boxed e-con e-parent\" data-id=\"9d7cfff\" data-element_type=\"container\" data-settings=\"{&quot;background_background&quot;:&quot;classic&quot;}\">\n\t\t\t\t\t<div class=\"e-con-inner\">\n\t\t\t\t<div class=\"elementor-element elementor-element-904356c elementor-widget__width-initial elementor-widget elementor-widget-heading\" data-id=\"904356c\" data-element_type=\"widget\" data-widget_type=\"heading.default\">\n\t\t\t\t\t<h2 class=\"elementor-heading-title elementor-size-default\">News<\/h2>\t\t\t\t<\/div>\n\t\t\t\t\t<\/div>\n\t\t\t\t<\/div>\n\t\t<div class=\"elementor-element elementor-element-aebcdba e-flex e-con-boxed e-con e-parent\" data-id=\"aebcdba\" data-element_type=\"container\">\n\t\t\t\t\t<div class=\"e-con-inner\">\n\t\t\t\t<div class=\"elementor-element elementor-element-87c0eeb elementor-widget__width-initial elementor-widget elementor-widget-jet-listing-grid\" data-id=\"87c0eeb\" data-element_type=\"widget\" data-settings=\"{&quot;columns&quot;:&quot;1&quot;}\" data-widget_type=\"jet-listing-grid.default\">\n\t\t\t\t\t<div class=\"jet-listing-grid jet-listing\"><div class=\"jet-listing-grid__items grid-col-desk-1 grid-col-tablet-1 grid-col-mobile-1 jet-listing-grid--354\" data-queried-id=\"326|WP_Post\" data-nav=\"{&quot;enabled&quot;:false,&quot;type&quot;:null,&quot;more_el&quot;:null,&quot;query&quot;:[],&quot;widget_settings&quot;:{&quot;lisitng_id&quot;:354,&quot;posts_num&quot;:20,&quot;columns&quot;:1,&quot;columns_tablet&quot;:1,&quot;columns_mobile&quot;:1,&quot;column_min_width&quot;:240,&quot;column_min_width_tablet&quot;:240,&quot;column_min_width_mobile&quot;:240,&quot;inline_columns_css&quot;:false,&quot;is_archive_template&quot;:&quot;&quot;,&quot;post_status&quot;:[&quot;publish&quot;],&quot;use_random_posts_num&quot;:&quot;&quot;,&quot;max_posts_num&quot;:9,&quot;not_found_message&quot;:&quot;No data was found&quot;,&quot;is_masonry&quot;:false,&quot;equal_columns_height&quot;:&quot;&quot;,&quot;use_load_more&quot;:&quot;&quot;,&quot;load_more_id&quot;:&quot;&quot;,&quot;load_more_type&quot;:&quot;click&quot;,&quot;load_more_offset&quot;:{&quot;unit&quot;:&quot;px&quot;,&quot;size&quot;:0,&quot;sizes&quot;:[]},&quot;use_custom_post_types&quot;:&quot;&quot;,&quot;custom_post_types&quot;:[],&quot;hide_widget_if&quot;:&quot;&quot;,&quot;carousel_enabled&quot;:&quot;&quot;,&quot;slides_to_scroll&quot;:&quot;1&quot;,&quot;arrows&quot;:&quot;true&quot;,&quot;arrow_icon&quot;:&quot;fa fa-angle-left&quot;,&quot;dots&quot;:&quot;&quot;,&quot;autoplay&quot;:&quot;true&quot;,&quot;pause_on_hover&quot;:&quot;true&quot;,&quot;autoplay_speed&quot;:5000,&quot;infinite&quot;:&quot;true&quot;,&quot;center_mode&quot;:&quot;&quot;,&quot;effect&quot;:&quot;slide&quot;,&quot;speed&quot;:500,&quot;inject_alternative_items&quot;:&quot;&quot;,&quot;injection_items&quot;:[],&quot;scroll_slider_enabled&quot;:&quot;&quot;,&quot;scroll_slider_on&quot;:[&quot;desktop&quot;,&quot;tablet&quot;,&quot;mobile&quot;],&quot;custom_query&quot;:false,&quot;custom_query_id&quot;:&quot;&quot;,&quot;_element_id&quot;:&quot;&quot;,&quot;collapse_first_last_gap&quot;:false,&quot;list_items_wrapper_tag&quot;:&quot;div&quot;,&quot;list_item_tag&quot;:&quot;div&quot;,&quot;empty_items_wrapper_tag&quot;:&quot;div&quot;}}\" data-page=\"1\" data-pages=\"1\" data-listing-source=\"posts\" data-listing-id=\"354\" data-query-id=\"\"><div class=\"jet-listing-grid__item jet-listing-dynamic-post-4098\" data-post-id=\"4098\" >\t\t<div data-elementor-type=\"jet-listing-items\" data-elementor-id=\"354\" class=\"elementor elementor-354\" data-elementor-post-type=\"jet-engine\">\n\t\t\t\t<div class=\"elementor-element elementor-element-9330b00 e-con-full e-flex e-con e-child\" data-id=\"9330b00\" data-element_type=\"container\">\n\t\t\t\t<div class=\"elementor-element elementor-element-a51c856 elementor-widget__width-initial elementor-widget elementor-widget-heading\" data-id=\"a51c856\" data-element_type=\"widget\" data-widget_type=\"heading.default\">\n\t\t\t\t\t<h2 class=\"elementor-heading-title elementor-size-default\">News<\/h2>\t\t\t\t<\/div>\n\t\t\t\t<div class=\"elementor-element elementor-element-7b7baa9 elementor-widget__width-initial elementor-widget-divider--view-line elementor-widget elementor-widget-divider\" data-id=\"7b7baa9\" data-element_type=\"widget\" data-widget_type=\"divider.default\">\n\t\t\t\t\t\t\t<div class=\"elementor-divider\">\n\t\t\t<span class=\"elementor-divider-separator\">\n\t\t\t\t\t\t<\/span>\n\t\t<\/div>\n\t\t\t\t\t\t<\/div>\n\t\t\t\t<\/div>\n\t\t<div class=\"elementor-element elementor-element-f26dc1d e-flex e-con-boxed e-con e-parent\" data-id=\"f26dc1d\" data-element_type=\"container\">\n\t\t\t\t\t<div class=\"e-con-inner\">\n\t\t\t\t<div class=\"elementor-element elementor-element-94f304f elementor-widget elementor-widget-image\" data-id=\"94f304f\" data-element_type=\"widget\" data-widget_type=\"image.default\">\n\t\t\t\t\t\t\t\t\t\t\t\t\t\t\t<img fetchpriority=\"high\" decoding=\"async\" width=\"800\" height=\"418\" src=\"https:\/\/verenenergia.com\/wp-content\/uploads\/2025\/01\/IMAGEM-PDI-1024x535.png\" class=\"attachment-large size-large wp-image-4097\" alt=\"\" srcset=\"https:\/\/verenenergia.com\/wp-content\/uploads\/2025\/01\/IMAGEM-PDI-1024x535.png 1024w, https:\/\/verenenergia.com\/wp-content\/uploads\/2025\/01\/IMAGEM-PDI-300x157.png 300w, https:\/\/verenenergia.com\/wp-content\/uploads\/2025\/01\/IMAGEM-PDI-768x401.png 768w, https:\/\/verenenergia.com\/wp-content\/uploads\/2025\/01\/IMAGEM-PDI-18x9.png 18w, https:\/\/verenenergia.com\/wp-content\/uploads\/2025\/01\/IMAGEM-PDI.png 1200w\" sizes=\"(max-width: 800px) 100vw, 800px\" \/>\t\t\t\t\t\t\t\t\t\t\t\t\t\t\t<\/div>\n\t\t\t\t<div class=\"elementor-element elementor-element-5d6591f elementor-widget elementor-widget-heading\" data-id=\"5d6591f\" data-element_type=\"widget\" data-widget_type=\"heading.default\">\n\t\t\t\t\t<h2 class=\"elementor-heading-title elementor-size-default\">April 1, 2026<\/h2>\t\t\t\t<\/div>\n\t\t\t\t<div class=\"elementor-element elementor-element-8b74e1d elementor-widget__width-initial elementor-widget-mobile__width-inherit elementor-widget elementor-widget-text-editor\" data-id=\"8b74e1d\" data-element_type=\"widget\" data-widget_type=\"text-editor.default\">\n\t\t\t\t\t\t\t\t\t<p>Verene announces the opening of its Public Call for Research, Development and Innovation (R&amp;D&amp;I) Projects, aiming to encourage the development of technological solutions focused on the electricity transmission sector. The initiative seeks to foster partnerships with universities, research centers, startups, and technology-based companies, promoting projects aligned with the themes proposed in the call.<\/p>\n<p>This call for proposals is part of the Research, Development and Innovation Program regulated by the National Electric Energy Agency, which encourages investment in innovation in the Brazilian electricity sector. With this initiative, Verene seeks to stimulate the development of technologies applicable to its operations, contributing to the modernization and greater efficiency of the energy transmission system.<\/p>\n<p><strong>Learn how to participate in\u00a0\u00a0<a href=\"https:\/\/verenenergia.com\/en\/pdi\/\">https:\/\/verenenergia.com\/pdi\/<\/a><\/strong><\/p>\n\t\t\t\t\t\t\t\t<\/div>\n\t\t\t\t\t<\/div>\n\t\t\t\t<\/div>\n\t\t\t\t<\/div>\n\t\t<\/div><div class=\"jet-listing-grid__item jet-listing-dynamic-post-3147\" data-post-id=\"3147\" >\t\t<div data-elementor-type=\"jet-listing-items\" data-elementor-id=\"354\" class=\"elementor elementor-354\" data-elementor-post-type=\"jet-engine\">\n\t\t\t\t<div class=\"elementor-element elementor-element-9330b00 e-con-full e-flex e-con e-child\" data-id=\"9330b00\" data-element_type=\"container\">\n\t\t\t\t<div class=\"elementor-element elementor-element-a51c856 elementor-widget__width-initial elementor-widget elementor-widget-heading\" data-id=\"a51c856\" data-element_type=\"widget\" data-widget_type=\"heading.default\">\n\t\t\t\t\t<h2 class=\"elementor-heading-title elementor-size-default\">News<\/h2>\t\t\t\t<\/div>\n\t\t\t\t<div class=\"elementor-element elementor-element-7b7baa9 elementor-widget__width-initial elementor-widget-divider--view-line elementor-widget elementor-widget-divider\" data-id=\"7b7baa9\" data-element_type=\"widget\" data-widget_type=\"divider.default\">\n\t\t\t\t\t\t\t<div class=\"elementor-divider\">\n\t\t\t<span class=\"elementor-divider-separator\">\n\t\t\t\t\t\t<\/span>\n\t\t<\/div>\n\t\t\t\t\t\t<\/div>\n\t\t\t\t<\/div>\n\t\t<div class=\"elementor-element elementor-element-f26dc1d e-flex e-con-boxed e-con e-parent\" data-id=\"f26dc1d\" data-element_type=\"container\">\n\t\t\t\t\t<div class=\"e-con-inner\">\n\t\t\t\t<div class=\"elementor-element elementor-element-4390255 elementor-widget elementor-widget-heading\" data-id=\"4390255\" data-element_type=\"widget\" data-widget_type=\"heading.default\">\n\t\t\t\t\t<h2 class=\"elementor-heading-title elementor-size-default\">Verene completes strategic acquisition and consolidates its position among the eight largest transmission companies in Brazil.<\/h2>\t\t\t\t<\/div>\n\t\t\t\t<div class=\"elementor-element elementor-element-94f304f elementor-widget elementor-widget-image\" data-id=\"94f304f\" data-element_type=\"widget\" data-widget_type=\"image.default\">\n\t\t\t\t\t\t\t\t\t\t\t\t\t\t\t<img decoding=\"async\" width=\"800\" height=\"800\" src=\"https:\/\/verenenergia.com\/wp-content\/uploads\/2026\/01\/unnamed.jpg\" class=\"attachment-large size-large wp-image-3297\" alt=\"\" srcset=\"https:\/\/verenenergia.com\/wp-content\/uploads\/2026\/01\/unnamed.jpg 800w, https:\/\/verenenergia.com\/wp-content\/uploads\/2026\/01\/unnamed-300x300.jpg 300w, https:\/\/verenenergia.com\/wp-content\/uploads\/2026\/01\/unnamed-150x150.jpg 150w, https:\/\/verenenergia.com\/wp-content\/uploads\/2026\/01\/unnamed-768x768.jpg 768w, https:\/\/verenenergia.com\/wp-content\/uploads\/2026\/01\/unnamed-12x12.jpg 12w\" sizes=\"(max-width: 800px) 100vw, 800px\" \/>\t\t\t\t\t\t\t\t\t\t\t\t\t\t\t<\/div>\n\t\t\t\t<div class=\"elementor-element elementor-element-5d6591f elementor-widget elementor-widget-heading\" data-id=\"5d6591f\" data-element_type=\"widget\" data-widget_type=\"heading.default\">\n\t\t\t\t\t<h2 class=\"elementor-heading-title elementor-size-default\">November 26, 2025<\/h2>\t\t\t\t<\/div>\n\t\t\t\t<div class=\"elementor-element elementor-element-8b74e1d elementor-widget__width-initial elementor-widget-mobile__width-inherit elementor-widget elementor-widget-text-editor\" data-id=\"8b74e1d\" data-element_type=\"widget\" data-widget_type=\"text-editor.default\">\n\t\t\t\t\t\t\t\t\t<p>Verene Energia SA has successfully completed the acquisition of Equatorial Transmiss\u00e3o SA and its subsidiaries, incorporating seven new assets that expand our presence in the energy transmission sector and strengthen our portfolio.<\/p>\n<p>With this transaction, Verene will operate more than 4,100 km of transmission lines, consolidating its position among the eight largest transmission companies in the country. The new assets are strategically located in key regions, contributing to increased system reliability and connecting renewable energy generation areas to major consumption centers.<\/p>\n<p>This milestone reflects our commitment to health and safety, asset quality, and integrity \u2014 values that make Verene a trusted leader in the Brazilian electricity sector. We continue to move forward, driven by operational and technical excellence and the dedication of everyone who, every day, helps Verene transmit energy efficiently and sustainably, supporting Brazil&#039;s energy transition.<\/p>\n\t\t\t\t\t\t\t\t<\/div>\n\t\t\t\t\t<\/div>\n\t\t\t\t<\/div>\n\t\t\t\t<\/div>\n\t\t<\/div><\/div><\/div>\t\t\t\t<\/div>\n\t\t<div class=\"elementor-element elementor-element-86b8618 e-con-full elementor-hidden-tablet elementor-hidden-mobile e-flex e-con e-child\" data-id=\"86b8618\" data-element_type=\"container\" data-settings=\"{&quot;background_background&quot;:&quot;classic&quot;,&quot;position&quot;:&quot;fixed&quot;}\">\n\t\t\t\t<div class=\"elementor-element elementor-element-4d35694 elementor-widget elementor-widget-heading\" data-id=\"4d35694\" data-element_type=\"widget\" data-widget_type=\"heading.default\">\n\t\t\t\t\t<h2 class=\"elementor-heading-title elementor-size-default\">NEWS<\/h2>\t\t\t\t<\/div>\n\t\t\t\t<\/div>\n\t\t\t\t\t<\/div>\n\t\t\t\t<\/div>\n\t\t\t\t<\/div>","protected":false},"excerpt":{"rendered":"<p>Not\u00edcias Not\u00edcias Not\u00edcias Not\u00edcias Not\u00edcias NOT\u00cdCIAS<\/p>","protected":false},"author":1,"featured_media":0,"parent":0,"menu_order":0,"comment_status":"closed","ping_status":"closed","template":"","meta":{"footnotes":""},"class_list":["post-326","page","type-page","status-publish","hentry"],"_links":{"self":[{"href":"https:\/\/verenenergia.com\/en\/wp-json\/wp\/v2\/pages\/326","targetHints":{"allow":["GET"]}}],"collection":[{"href":"https:\/\/verenenergia.com\/en\/wp-json\/wp\/v2\/pages"}],"about":[{"href":"https:\/\/verenenergia.com\/en\/wp-json\/wp\/v2\/types\/page"}],"author":[{"embeddable":true,"href":"https:\/\/verenenergia.com\/en\/wp-json\/wp\/v2\/users\/1"}],"replies":[{"embeddable":true,"href":"https:\/\/verenenergia.com\/en\/wp-json\/wp\/v2\/comments?post=326"}],"version-history":[{"count":57,"href":"https:\/\/verenenergia.com\/en\/wp-json\/wp\/v2\/pages\/326\/revisions"}],"predecessor-version":[{"id":4096,"href":"https:\/\/verenenergia.com\/en\/wp-json\/wp\/v2\/pages\/326\/revisions\/4096"}],"wp:attachment":[{"href":"https:\/\/verenenergia.com\/en\/wp-json\/wp\/v2\/media?parent=326"}],"curies":[{"name":"wp","href":"https:\/\/api.w.org\/{rel}","templated":true}]}}